{"id":4353,"date":"2024-02-09T09:13:32","date_gmt":"2024-02-09T08:13:32","guid":{"rendered":"https:\/\/www.eagle-waterproofing.com\/aquapol-specifications\/"},"modified":"2024-02-14T10:39:43","modified_gmt":"2024-02-14T09:39:43","slug":"aquapol-specifications","status":"publish","type":"page","link":"https:\/\/www.eagle-waterproofing.com\/fr\/aquapol-specifications\/","title":{"rendered":"Aquapol Sp\u00e9cifications"},"content":{"rendered":"\t\t<div data-elementor-type=\"wp-page\" data-elementor-id=\"4353\" class=\"elementor elementor-4353 elementor-4339\" data-elementor-post-type=\"page\">\n\t\t\t\t\t\t<section class=\"elementor-section elementor-top-section elementor-element elementor-element-7ce4473 elementor-section-height-min-height elementor-section-boxed elementor-section-height-default elementor-section-items-middle\" data-id=\"7ce4473\" data-element_type=\"section\" data-settings=\"{&quot;background_background&quot;:&quot;classic&quot;}\">\n\t\t\t\t\t\t\t<div class=\"elementor-background-overlay\"><\/div>\n\t\t\t\t\t\t\t<div class=\"elementor-container elementor-column-gap-default\">\n\t\t\t\t\t<div class=\"elementor-column elementor-col-100 elementor-top-column elementor-element elementor-element-8e8c0c6\" data-id=\"8e8c0c6\" data-element_type=\"column\">\n\t\t\t<div class=\"elementor-widget-wrap elementor-element-populated\">\n\t\t\t\t\t\t<div class=\"elementor-element elementor-element-acd58f9 elementor-widget elementor-widget-heading\" data-id=\"acd58f9\" data-element_type=\"widget\" data-widget_type=\"heading.default\">\n\t\t\t\t<div class=\"elementor-widget-container\">\n\t\t\t\t\t<h1 class=\"elementor-heading-title elementor-size-default\">AQUAPOL<\/h1>\t\t\t\t<\/div>\n\t\t\t\t<\/div>\n\t\t\t\t\t<\/div>\n\t\t<\/div>\n\t\t\t\t\t<\/div>\n\t\t<\/section>\n\t\t\t\t<section class=\"elementor-section elementor-top-section elementor-element elementor-element-9943d78 elementor-hidden-mobile elementor-section-boxed elementor-section-height-default elementor-section-height-default\" data-id=\"9943d78\" data-element_type=\"section\">\n\t\t\t\t\t\t<div class=\"elementor-container elementor-column-gap-default\">\n\t\t\t\t\t<div class=\"elementor-column elementor-col-100 elementor-top-column elementor-element elementor-element-39eeb40\" data-id=\"39eeb40\" data-element_type=\"column\">\n\t\t\t<div class=\"elementor-widget-wrap elementor-element-populated\">\n\t\t\t\t\t\t<div class=\"elementor-element elementor-element-584bf51 elementor-widget elementor-widget-heading\" data-id=\"584bf51\" data-element_type=\"widget\" data-widget_type=\"heading.default\">\n\t\t\t\t<div class=\"elementor-widget-container\">\n\t\t\t\t\t<h2 class=\"elementor-heading-title elementor-size-default\">T\u00e9l\u00e9chargements | Preparation | Application<\/h2>\t\t\t\t<\/div>\n\t\t\t\t<\/div>\n\t\t\t\t\t<\/div>\n\t\t<\/div>\n\t\t\t\t\t<\/div>\n\t\t<\/section>\n\t\t\t\t<section class=\"elementor-section elementor-top-section elementor-element elementor-element-0b0f4b8 elementor-section-boxed elementor-section-height-default elementor-section-height-default\" data-id=\"0b0f4b8\" data-element_type=\"section\">\n\t\t\t\t\t\t<div class=\"elementor-container elementor-column-gap-default\">\n\t\t\t\t\t<div class=\"elementor-column elementor-col-50 elementor-top-column elementor-element elementor-element-0d32b4f\" data-id=\"0d32b4f\" data-element_type=\"column\">\n\t\t\t<div class=\"elementor-widget-wrap elementor-element-populated\">\n\t\t\t\t\t\t<div class=\"elementor-element elementor-element-3fb6759 elementor-widget elementor-widget-image\" data-id=\"3fb6759\" data-element_type=\"widget\" data-widget_type=\"image.default\">\n\t\t\t\t<div class=\"elementor-widget-container\">\n\t\t\t\t\t\t\t\t\t\t\t\t\t\t\t<img fetchpriority=\"high\" decoding=\"async\" width=\"600\" height=\"600\" src=\"https:\/\/www.eagle-waterproofing.com\/wp-content\/uploads\/2020\/04\/aquapol_destc.jpg\" class=\"attachment-large size-large wp-image-540\" alt=\"Aquapol Eaglewib\" srcset=\"https:\/\/www.eagle-waterproofing.com\/wp-content\/uploads\/2020\/04\/aquapol_destc.jpg 600w, https:\/\/www.eagle-waterproofing.com\/wp-content\/uploads\/2020\/04\/aquapol_destc-300x300.jpg 300w, https:\/\/www.eagle-waterproofing.com\/wp-content\/uploads\/2020\/04\/aquapol_destc-150x150.jpg 150w\" sizes=\"(max-width: 600px) 100vw, 600px\" \/>\t\t\t\t\t\t\t\t\t\t\t\t\t\t\t<\/div>\n\t\t\t\t<\/div>\n\t\t\t\t\t<\/div>\n\t\t<\/div>\n\t\t\t\t<div class=\"elementor-column elementor-col-50 elementor-top-column elementor-element elementor-element-b8b2854\" data-id=\"b8b2854\" data-element_type=\"column\">\n\t\t\t<div class=\"elementor-widget-wrap elementor-element-populated\">\n\t\t\t\t\t\t<div class=\"elementor-element elementor-element-3fdfe8e elementor-widget elementor-widget-heading\" data-id=\"3fdfe8e\" data-element_type=\"widget\" data-widget_type=\"heading.default\">\n\t\t\t\t<div class=\"elementor-widget-container\">\n\t\t\t\t\t<h2 class=\"elementor-heading-title elementor-size-default\">T\u00e9l\u00e9chargements<\/h2>\t\t\t\t<\/div>\n\t\t\t\t<\/div>\n\t\t\t\t<div class=\"elementor-element elementor-element-616aa17 elementor-align-left elementor-widget__width-initial elementor-widget elementor-widget-button\" data-id=\"616aa17\" data-element_type=\"widget\" data-widget_type=\"button.default\">\n\t\t\t\t<div class=\"elementor-widget-container\">\n\t\t\t\t\t\t\t\t\t<div class=\"elementor-button-wrapper\">\n\t\t\t\t\t<a class=\"elementor-button elementor-button-link elementor-size-sm\" href=\"https:\/\/www.eagle-waterproofing.com\/wp-content\/uploads\/2021\/09\/TDS-AQUAPOL-Fr.pdf\">\n\t\t\t\t\t\t<span class=\"elementor-button-content-wrapper\">\n\t\t\t\t\t\t\t\t\t<span class=\"elementor-button-text\">TDS Aquapol<\/span>\n\t\t\t\t\t<\/span>\n\t\t\t\t\t<\/a>\n\t\t\t\t<\/div>\n\t\t\t\t\t\t\t\t<\/div>\n\t\t\t\t<\/div>\n\t\t\t\t<div class=\"elementor-element elementor-element-c64501e elementor-align-left elementor-widget__width-initial elementor-widget elementor-widget-button\" data-id=\"c64501e\" data-element_type=\"widget\" data-widget_type=\"button.default\">\n\t\t\t\t<div class=\"elementor-widget-container\">\n\t\t\t\t\t\t\t\t\t<div class=\"elementor-button-wrapper\">\n\t\t\t\t\t<a class=\"elementor-button elementor-button-link elementor-size-sm\" href=\"https:\/\/www.eagle-waterproofing.com\/fr\/videotheque\/\">\n\t\t\t\t\t\t<span class=\"elementor-button-content-wrapper\">\n\t\t\t\t\t\t\t\t\t<span class=\"elementor-button-text\">Vid\u00e9oth\u00e8que<\/span>\n\t\t\t\t\t<\/span>\n\t\t\t\t\t<\/a>\n\t\t\t\t<\/div>\n\t\t\t\t\t\t\t\t<\/div>\n\t\t\t\t<\/div>\n\t\t\t\t<div class=\"elementor-element elementor-element-f2eec28 elementor-widget-divider--view-line elementor-widget elementor-widget-divider\" data-id=\"f2eec28\" data-element_type=\"widget\" data-widget_type=\"divider.default\">\n\t\t\t\t<div class=\"elementor-widget-container\">\n\t\t\t\t\t\t\t<div class=\"elementor-divider\">\n\t\t\t<span class=\"elementor-divider-separator\">\n\t\t\t\t\t\t<\/span>\n\t\t<\/div>\n\t\t\t\t\t\t<\/div>\n\t\t\t\t<\/div>\n\t\t\t\t<div class=\"elementor-element elementor-element-6e75dee elementor-widget elementor-widget-heading\" data-id=\"6e75dee\" data-element_type=\"widget\" data-widget_type=\"heading.default\">\n\t\t\t\t<div class=\"elementor-widget-container\">\n\t\t\t\t\t<h2 class=\"elementor-heading-title elementor-size-default\">Preparation<\/h2>\t\t\t\t<\/div>\n\t\t\t\t<\/div>\n\t\t\t\t<section class=\"elementor-section elementor-inner-section elementor-element elementor-element-3857856 elementor-section-boxed elementor-section-height-default elementor-section-height-default\" data-id=\"3857856\" data-element_type=\"section\" data-settings=\"{&quot;background_background&quot;:&quot;classic&quot;}\">\n\t\t\t\t\t\t<div class=\"elementor-container elementor-column-gap-default\">\n\t\t\t\t\t<div class=\"elementor-column elementor-col-100 elementor-inner-column elementor-element elementor-element-6032e8f\" data-id=\"6032e8f\" data-element_type=\"column\" data-settings=\"{&quot;background_background&quot;:&quot;classic&quot;}\">\n\t\t\t<div class=\"elementor-widget-wrap elementor-element-populated\">\n\t\t\t\t\t<div class=\"elementor-background-overlay\"><\/div>\n\t\t\t\t\t\t<div class=\"elementor-element elementor-element-f374314 elementor-widget elementor-widget-text-editor\" data-id=\"f374314\" data-element_type=\"widget\" data-widget_type=\"text-editor.default\">\n\t\t\t\t<div class=\"elementor-widget-container\">\n\t\t\t\t\t\t\t\t\t<ul>\n<li>L\u2019\u00e9tat et la pr\u00e9paration du support est tr\u00e8s important et peut conditionner le degr\u00e9 d\u2019adh\u00e9rence et la durabilit\u00e9 du rev\u00eatement.<\/li>\n<li>Assurez vous que les surfaces soient fermes, propres, libres de poussi\u00e8re et de r\u00e9sidus volatiles, algues ou moisissures, ou de contaminants.<\/li>\n<li>R\u00e9parez toutes fissures, fentes ou rayures, comblez les possibles trous et imperfections.<\/li>\n<li>En cas d\u2019application sur d\u2019anciennes feuilles bitumineuses, \u00e9liminez les bulles d\u2019air \u00e9ventuelles: ouvrez au cutter et proc\u00e9dez \u00e0 une soudure pour obtenir un support plan.<\/li>\n<li>Ne pas utiliser sur du polystyr\u00e8ne extrud\u00e9 ou lames de PVC ou dans des zones o\u00f9 ult\u00e9rieurement il puisse avoir un contact avec du diluant ou de l\u2019huile.<\/li>\n<\/ul>\n\t\t\t\t\t\t\t\t<\/div>\n\t\t\t\t<\/div>\n\t\t\t\t\t<\/div>\n\t\t<\/div>\n\t\t\t\t\t<\/div>\n\t\t<\/section>\n\t\t\t\t<div class=\"elementor-element elementor-element-1109b32 elementor-widget-divider--view-line elementor-widget elementor-widget-divider\" data-id=\"1109b32\" data-element_type=\"widget\" data-widget_type=\"divider.default\">\n\t\t\t\t<div class=\"elementor-widget-container\">\n\t\t\t\t\t\t\t<div class=\"elementor-divider\">\n\t\t\t<span class=\"elementor-divider-separator\">\n\t\t\t\t\t\t<\/span>\n\t\t<\/div>\n\t\t\t\t\t\t<\/div>\n\t\t\t\t<\/div>\n\t\t\t\t<div class=\"elementor-element elementor-element-988a375 elementor-widget elementor-widget-heading\" data-id=\"988a375\" data-element_type=\"widget\" data-widget_type=\"heading.default\">\n\t\t\t\t<div class=\"elementor-widget-container\">\n\t\t\t\t\t<h2 class=\"elementor-heading-title elementor-size-default\">Application<\/h2>\t\t\t\t<\/div>\n\t\t\t\t<\/div>\n\t\t\t\t<section class=\"elementor-section elementor-inner-section elementor-element elementor-element-dd74725 elementor-section-boxed elementor-section-height-default elementor-section-height-default\" data-id=\"dd74725\" data-element_type=\"section\" data-settings=\"{&quot;background_background&quot;:&quot;classic&quot;}\">\n\t\t\t\t\t\t<div class=\"elementor-container elementor-column-gap-default\">\n\t\t\t\t\t<div class=\"elementor-column elementor-col-100 elementor-inner-column elementor-element elementor-element-2051d1f\" data-id=\"2051d1f\" data-element_type=\"column\" data-settings=\"{&quot;background_background&quot;:&quot;classic&quot;}\">\n\t\t\t<div class=\"elementor-widget-wrap elementor-element-populated\">\n\t\t\t\t\t\t<div class=\"elementor-element elementor-element-141bf6f elementor-widget elementor-widget-text-editor\" data-id=\"141bf6f\" data-element_type=\"widget\" data-widget_type=\"text-editor.default\">\n\t\t\t\t<div class=\"elementor-widget-container\">\n\t\t\t\t\t\t\t\t\t<ul>\n<li>Al\u2019ouverture du pot, malaxer le produit convenablement avant son utilisation.<\/li>\n<li>Appliquez avec une brosse en une seule application uniforme, et en r\u00e9-<br \/>\npartissant une couche d\u2019Aquapol de 1 \u00e0 2kg au m2.<\/li>\n<li>En cas extr\u00eames, on peut appliquer une deuxi\u00e8me couche 2-3 jours apr\u00e8s l\u2019application initiale.<\/li>\n<\/ul>\n\t\t\t\t\t\t\t\t<\/div>\n\t\t\t\t<\/div>\n\t\t\t\t\t<\/div>\n\t\t<\/div>\n\t\t\t\t\t<\/div>\n\t\t<\/section>\n\t\t\t\t<div class=\"elementor-element elementor-element-ed44870 elementor-widget-divider--view-line elementor-widget elementor-widget-divider\" data-id=\"ed44870\" data-element_type=\"widget\" data-widget_type=\"divider.default\">\n\t\t\t\t<div class=\"elementor-widget-container\">\n\t\t\t\t\t\t\t<div class=\"elementor-divider\">\n\t\t\t<span class=\"elementor-divider-separator\">\n\t\t\t\t\t\t<\/span>\n\t\t<\/div>\n\t\t\t\t\t\t<\/div>\n\t\t\t\t<\/div>\n\t\t\t\t<div class=\"elementor-element elementor-element-5d7e28e elementor-widget elementor-widget-heading\" data-id=\"5d7e28e\" data-element_type=\"widget\" data-widget_type=\"heading.default\">\n\t\t\t\t<div class=\"elementor-widget-container\">\n\t\t\t\t\t<h2 class=\"elementor-heading-title elementor-size-default\">Donn\u00e9es d'int\u00e9r\u00eat<\/h2>\t\t\t\t<\/div>\n\t\t\t\t<\/div>\n\t\t\t\t<section class=\"elementor-section elementor-inner-section elementor-element elementor-element-e7c6317 elementor-section-boxed elementor-section-height-default elementor-section-height-default\" data-id=\"e7c6317\" data-element_type=\"section\" data-settings=\"{&quot;background_background&quot;:&quot;classic&quot;}\">\n\t\t\t\t\t\t<div class=\"elementor-container elementor-column-gap-default\">\n\t\t\t\t\t<div class=\"elementor-column elementor-col-100 elementor-inner-column elementor-element elementor-element-4217ce2\" data-id=\"4217ce2\" data-element_type=\"column\">\n\t\t\t<div class=\"elementor-widget-wrap elementor-element-populated\">\n\t\t\t\t\t\t<div class=\"elementor-element elementor-element-1a7d9e3 elementor-widget elementor-widget-text-editor\" data-id=\"1a7d9e3\" data-element_type=\"widget\" data-widget_type=\"text-editor.default\">\n\t\t\t\t<div class=\"elementor-widget-container\">\n\t\t\t\t\t\t\t\t\t<ul>\n<li><strong>Stockage:<br \/>\n<\/strong>Stocker les pots d\u2019Aquapol dans un lieu frais et sec, sous abri et \u00e0 temp\u00e9rature de 5\u00baC \u00c0 25\u00baC prot\u00e9ger derayonnement solaire direct et des sources de chaleur. Les pots son sensibles au gel.<br \/>\nPour le transport assurez-vous que le produit soit en position verticale et le couvercle bien ferm\u00e9.<strong><br \/>\n<\/strong><\/li>\n<li><strong>Recouvrement<\/strong><br \/>\n1-2 kg\/m2 .<\/li>\n<li><strong>Conservation<br \/>\n<\/strong>3 ans dans des conditionnements herm\u00e9tiquement ferm\u00e9s.<\/li>\n<li><strong>Important<\/strong><br \/>\nAquapol contient un diluant inflammable, et toutes les pr\u00e9cautions normales contre les incendies doivent \u00eatre tenues en compte pendant le stockage et son utilisation.<br \/>\nTenir \u00e9loign\u00e9 de toute flamme.<\/li>\n<\/ul>\n\t\t\t\t\t\t\t\t<\/div>\n\t\t\t\t<\/div>\n\t\t\t\t\t<\/div>\n\t\t<\/div>\n\t\t\t\t\t<\/div>\n\t\t<\/section>\n\t\t\t\t<div class=\"elementor-element elementor-element-a823016 elementor-widget-divider--view-line elementor-widget elementor-widget-divider\" data-id=\"a823016\" data-element_type=\"widget\" data-widget_type=\"divider.default\">\n\t\t\t\t<div class=\"elementor-widget-container\">\n\t\t\t\t\t\t\t<div class=\"elementor-divider\">\n\t\t\t<span class=\"elementor-divider-separator\">\n\t\t\t\t\t\t<\/span>\n\t\t<\/div>\n\t\t\t\t\t\t<\/div>\n\t\t\t\t<\/div>\n\t\t\t\t\t<\/div>\n\t\t<\/div>\n\t\t\t\t\t<\/div>\n\t\t<\/section>\n\t\t\t\t<\/div>\n\t\t","protected":false},"excerpt":{"rendered":"<p>AQUAPOL T\u00e9l\u00e9chargements | Preparation | Application T\u00e9l\u00e9chargements TDS Aquapol Vid\u00e9oth\u00e8que Preparation L\u2019\u00e9tat et la pr\u00e9paration du support est tr\u00e8s important et peut conditionner le degr\u00e9 d\u2019adh\u00e9rence et la durabilit\u00e9 du rev\u00eatement. Assurez vous que les surfaces soient fermes, propres, libres de poussi\u00e8re et de r\u00e9sidus volatiles, algues ou moisissures, ou de contaminants. R\u00e9parez toutes fissures, &#8230; <a title=\"Aquapol Sp\u00e9cifications\" class=\"read-more\" href=\"https:\/\/www.eagle-waterproofing.com\/fr\/aquapol-specifications\/\">Read more<\/a><\/p>\n","protected":false},"author":2,"featured_media":0,"parent":0,"menu_order":0,"comment_status":"closed","ping_status":"closed","template":"","meta":{"_acf_changed":false,"footnotes":""},"class_list":["post-4353","page","type-page","status-publish"],"acf":[],"yoast_head":"<!-- This site is optimized with the Yoast SEO plugin v26.8 - https:\/\/yoast.com\/product\/yoast-seo-wordpress\/ -->\n<title>Aquapol Sp\u00e9cifications - Eagle Waterproofing<\/title>\n<meta name=\"robots\" content=\"index, follow, max-snippet:-1, max-image-preview:large, max-video-preview:-1\" \/>\n<link rel=\"canonical\" href=\"https:\/\/www.eagle-waterproofing.com\/fr\/aquapol-specifications\/\" \/>\n<meta property=\"og:locale\" content=\"fr_FR\" \/>\n<meta property=\"og:type\" content=\"article\" \/>\n<meta property=\"og:title\" content=\"Aquapol Sp\u00e9cifications - Eagle Waterproofing\" \/>\n<meta property=\"og:description\" content=\"AQUAPOL T\u00e9l\u00e9chargements | Preparation | Application T\u00e9l\u00e9chargements TDS Aquapol Vid\u00e9oth\u00e8que Preparation L\u2019\u00e9tat et la pr\u00e9paration du support est tr\u00e8s important et peut conditionner le degr\u00e9 d\u2019adh\u00e9rence et la durabilit\u00e9 du rev\u00eatement. Assurez vous que les surfaces soient fermes, propres, libres de poussi\u00e8re et de r\u00e9sidus volatiles, algues ou moisissures, ou de contaminants. R\u00e9parez toutes fissures, ... Read more\" \/>\n<meta property=\"og:url\" content=\"https:\/\/www.eagle-waterproofing.com\/fr\/aquapol-specifications\/\" \/>\n<meta property=\"og:site_name\" content=\"Eagle Waterproofing\" \/>\n<meta property=\"article:publisher\" content=\"https:\/\/www.facebook.com\/EagleWaterproofingInternational\" \/>\n<meta property=\"article:modified_time\" content=\"2024-02-14T09:39:43+00:00\" \/>\n<meta property=\"og:image\" content=\"https:\/\/www.eagle-waterproofing.com\/wp-content\/uploads\/2020\/04\/aquapol_destc.jpg\" \/>\n<meta name=\"twitter:card\" content=\"summary_large_image\" \/>\n<meta name=\"twitter:site\" content=\"@EagleIberica\" \/>\n<meta name=\"twitter:label1\" content=\"Dur\u00e9e de lecture estim\u00e9e\" \/>\n\t<meta name=\"twitter:data1\" content=\"1 minute\" \/>\n<script type=\"application\/ld+json\" class=\"yoast-schema-graph\">{\"@context\":\"https:\/\/schema.org\",\"@graph\":[{\"@type\":\"WebPage\",\"@id\":\"https:\/\/www.eagle-waterproofing.com\/fr\/aquapol-specifications\/\",\"url\":\"https:\/\/www.eagle-waterproofing.com\/fr\/aquapol-specifications\/\",\"name\":\"Aquapol Sp\u00e9cifications - Eagle Waterproofing\",\"isPartOf\":{\"@id\":\"https:\/\/www.eagle-waterproofing.com\/fr\/#website\"},\"primaryImageOfPage\":{\"@id\":\"https:\/\/www.eagle-waterproofing.com\/fr\/aquapol-specifications\/#primaryimage\"},\"image\":{\"@id\":\"https:\/\/www.eagle-waterproofing.com\/fr\/aquapol-specifications\/#primaryimage\"},\"thumbnailUrl\":\"https:\/\/www.eagle-waterproofing.com\/wp-content\/uploads\/2020\/04\/aquapol_destc.jpg\",\"datePublished\":\"2024-02-09T08:13:32+00:00\",\"dateModified\":\"2024-02-14T09:39:43+00:00\",\"breadcrumb\":{\"@id\":\"https:\/\/www.eagle-waterproofing.com\/fr\/aquapol-specifications\/#breadcrumb\"},\"inLanguage\":\"fr-FR\",\"potentialAction\":[{\"@type\":\"ReadAction\",\"target\":[\"https:\/\/www.eagle-waterproofing.com\/fr\/aquapol-specifications\/\"]}]},{\"@type\":\"ImageObject\",\"inLanguage\":\"fr-FR\",\"@id\":\"https:\/\/www.eagle-waterproofing.com\/fr\/aquapol-specifications\/#primaryimage\",\"url\":\"https:\/\/www.eagle-waterproofing.com\/wp-content\/uploads\/2020\/04\/aquapol_destc.jpg\",\"contentUrl\":\"https:\/\/www.eagle-waterproofing.com\/wp-content\/uploads\/2020\/04\/aquapol_destc.jpg\"},{\"@type\":\"BreadcrumbList\",\"@id\":\"https:\/\/www.eagle-waterproofing.com\/fr\/aquapol-specifications\/#breadcrumb\",\"itemListElement\":[{\"@type\":\"ListItem\",\"position\":1,\"name\":\"Eagle Waterproofing France\",\"item\":{\"@id\":\"https:\/\/www.eagle-waterproofing.com\/fr\/\",\"name\":\"Eagle Waterproofing France\"}},{\"@type\":\"ListItem\",\"position\":2,\"name\":\"Aquapol Sp\u00e9cifications\"}]},{\"@type\":\"WebSite\",\"@id\":\"https:\/\/www.eagle-waterproofing.com\/fr\/#website\",\"url\":\"https:\/\/www.eagle-waterproofing.com\/fr\/\",\"name\":\"Eagle Waterproofing\",\"description\":\"Sistemas de impermeabilizaci\u00f3n avanzados\",\"publisher\":{\"@id\":\"https:\/\/www.eagle-waterproofing.com\/fr\/#organization\"},\"potentialAction\":[{\"@type\":\"SearchAction\",\"target\":{\"@type\":\"EntryPoint\",\"urlTemplate\":\"https:\/\/www.eagle-waterproofing.com\/fr\/?s={search_term_string}\"},\"query-input\":{\"@type\":\"PropertyValueSpecification\",\"valueRequired\":true,\"valueName\":\"search_term_string\"}}],\"inLanguage\":\"fr-FR\"},{\"@type\":\"Organization\",\"@id\":\"https:\/\/www.eagle-waterproofing.com\/fr\/#organization\",\"name\":\"Eagle Waterproofing\",\"url\":\"https:\/\/www.eagle-waterproofing.com\/fr\/\",\"logo\":{\"@type\":\"ImageObject\",\"inLanguage\":\"fr-FR\",\"@id\":\"https:\/\/www.eagle-waterproofing.com\/fr\/#\/schema\/logo\/image\/\",\"url\":\"https:\/\/www.eagle-waterproofing.com\/wp-content\/uploads\/2020\/04\/eagle-group.svg\",\"contentUrl\":\"https:\/\/www.eagle-waterproofing.com\/wp-content\/uploads\/2020\/04\/eagle-group.svg\",\"width\":666,\"height\":249,\"caption\":\"Eagle Waterproofing\"},\"image\":{\"@id\":\"https:\/\/www.eagle-waterproofing.com\/fr\/#\/schema\/logo\/image\/\"},\"sameAs\":[\"https:\/\/www.facebook.com\/EagleWaterproofingInternational\",\"https:\/\/x.com\/EagleIberica\",\"https:\/\/www.youtube.com\/channel\/UCqqZEd9s88-wxoLLQqa7pOA\",\"https:\/\/www.instagram.com\/eaglewaterproofing\/\",\"https:\/\/www.linkedin.com\/company\/eagle-waterproofing-iberica\"]}]}<\/script>\n<!-- \/ Yoast SEO plugin. -->","yoast_head_json":{"title":"Aquapol Sp\u00e9cifications - Eagle Waterproofing","robots":{"index":"index","follow":"follow","max-snippet":"max-snippet:-1","max-image-preview":"max-image-preview:large","max-video-preview":"max-video-preview:-1"},"canonical":"https:\/\/www.eagle-waterproofing.com\/fr\/aquapol-specifications\/","og_locale":"fr_FR","og_type":"article","og_title":"Aquapol Sp\u00e9cifications - Eagle Waterproofing","og_description":"AQUAPOL T\u00e9l\u00e9chargements | Preparation | Application T\u00e9l\u00e9chargements TDS Aquapol Vid\u00e9oth\u00e8que Preparation L\u2019\u00e9tat et la pr\u00e9paration du support est tr\u00e8s important et peut conditionner le degr\u00e9 d\u2019adh\u00e9rence et la durabilit\u00e9 du rev\u00eatement. Assurez vous que les surfaces soient fermes, propres, libres de poussi\u00e8re et de r\u00e9sidus volatiles, algues ou moisissures, ou de contaminants. R\u00e9parez toutes fissures, ... Read more","og_url":"https:\/\/www.eagle-waterproofing.com\/fr\/aquapol-specifications\/","og_site_name":"Eagle Waterproofing","article_publisher":"https:\/\/www.facebook.com\/EagleWaterproofingInternational","article_modified_time":"2024-02-14T09:39:43+00:00","og_image":[{"url":"https:\/\/www.eagle-waterproofing.com\/wp-content\/uploads\/2020\/04\/aquapol_destc.jpg","type":"","width":"","height":""}],"twitter_card":"summary_large_image","twitter_site":"@EagleIberica","twitter_misc":{"Dur\u00e9e de lecture estim\u00e9e":"1 minute"},"schema":{"@context":"https:\/\/schema.org","@graph":[{"@type":"WebPage","@id":"https:\/\/www.eagle-waterproofing.com\/fr\/aquapol-specifications\/","url":"https:\/\/www.eagle-waterproofing.com\/fr\/aquapol-specifications\/","name":"Aquapol Sp\u00e9cifications - Eagle Waterproofing","isPartOf":{"@id":"https:\/\/www.eagle-waterproofing.com\/fr\/#website"},"primaryImageOfPage":{"@id":"https:\/\/www.eagle-waterproofing.com\/fr\/aquapol-specifications\/#primaryimage"},"image":{"@id":"https:\/\/www.eagle-waterproofing.com\/fr\/aquapol-specifications\/#primaryimage"},"thumbnailUrl":"https:\/\/www.eagle-waterproofing.com\/wp-content\/uploads\/2020\/04\/aquapol_destc.jpg","datePublished":"2024-02-09T08:13:32+00:00","dateModified":"2024-02-14T09:39:43+00:00","breadcrumb":{"@id":"https:\/\/www.eagle-waterproofing.com\/fr\/aquapol-specifications\/#breadcrumb"},"inLanguage":"fr-FR","potentialAction":[{"@type":"ReadAction","target":["https:\/\/www.eagle-waterproofing.com\/fr\/aquapol-specifications\/"]}]},{"@type":"ImageObject","inLanguage":"fr-FR","@id":"https:\/\/www.eagle-waterproofing.com\/fr\/aquapol-specifications\/#primaryimage","url":"https:\/\/www.eagle-waterproofing.com\/wp-content\/uploads\/2020\/04\/aquapol_destc.jpg","contentUrl":"https:\/\/www.eagle-waterproofing.com\/wp-content\/uploads\/2020\/04\/aquapol_destc.jpg"},{"@type":"BreadcrumbList","@id":"https:\/\/www.eagle-waterproofing.com\/fr\/aquapol-specifications\/#breadcrumb","itemListElement":[{"@type":"ListItem","position":1,"name":"Eagle Waterproofing France","item":{"@id":"https:\/\/www.eagle-waterproofing.com\/fr\/","name":"Eagle Waterproofing France"}},{"@type":"ListItem","position":2,"name":"Aquapol Sp\u00e9cifications"}]},{"@type":"WebSite","@id":"https:\/\/www.eagle-waterproofing.com\/fr\/#website","url":"https:\/\/www.eagle-waterproofing.com\/fr\/","name":"Eagle Waterproofing","description":"Sistemas de impermeabilizaci\u00f3n avanzados","publisher":{"@id":"https:\/\/www.eagle-waterproofing.com\/fr\/#organization"},"potentialAction":[{"@type":"SearchAction","target":{"@type":"EntryPoint","urlTemplate":"https:\/\/www.eagle-waterproofing.com\/fr\/?s={search_term_string}"},"query-input":{"@type":"PropertyValueSpecification","valueRequired":true,"valueName":"search_term_string"}}],"inLanguage":"fr-FR"},{"@type":"Organization","@id":"https:\/\/www.eagle-waterproofing.com\/fr\/#organization","name":"Eagle Waterproofing","url":"https:\/\/www.eagle-waterproofing.com\/fr\/","logo":{"@type":"ImageObject","inLanguage":"fr-FR","@id":"https:\/\/www.eagle-waterproofing.com\/fr\/#\/schema\/logo\/image\/","url":"https:\/\/www.eagle-waterproofing.com\/wp-content\/uploads\/2020\/04\/eagle-group.svg","contentUrl":"https:\/\/www.eagle-waterproofing.com\/wp-content\/uploads\/2020\/04\/eagle-group.svg","width":666,"height":249,"caption":"Eagle Waterproofing"},"image":{"@id":"https:\/\/www.eagle-waterproofing.com\/fr\/#\/schema\/logo\/image\/"},"sameAs":["https:\/\/www.facebook.com\/EagleWaterproofingInternational","https:\/\/x.com\/EagleIberica","https:\/\/www.youtube.com\/channel\/UCqqZEd9s88-wxoLLQqa7pOA","https:\/\/www.instagram.com\/eaglewaterproofing\/","https:\/\/www.linkedin.com\/company\/eagle-waterproofing-iberica"]}]}},"_links":{"self":[{"href":"https:\/\/www.eagle-waterproofing.com\/fr\/wp-json\/wp\/v2\/pages\/4353","targetHints":{"allow":["GET"]}}],"collection":[{"href":"https:\/\/www.eagle-waterproofing.com\/fr\/wp-json\/wp\/v2\/pages"}],"about":[{"href":"https:\/\/www.eagle-waterproofing.com\/fr\/wp-json\/wp\/v2\/types\/page"}],"author":[{"embeddable":true,"href":"https:\/\/www.eagle-waterproofing.com\/fr\/wp-json\/wp\/v2\/users\/2"}],"replies":[{"embeddable":true,"href":"https:\/\/www.eagle-waterproofing.com\/fr\/wp-json\/wp\/v2\/comments?post=4353"}],"version-history":[{"count":2,"href":"https:\/\/www.eagle-waterproofing.com\/fr\/wp-json\/wp\/v2\/pages\/4353\/revisions"}],"predecessor-version":[{"id":4369,"href":"https:\/\/www.eagle-waterproofing.com\/fr\/wp-json\/wp\/v2\/pages\/4353\/revisions\/4369"}],"wp:attachment":[{"href":"https:\/\/www.eagle-waterproofing.com\/fr\/wp-json\/wp\/v2\/media?parent=4353"}],"curies":[{"name":"wp","href":"https:\/\/api.w.org\/{rel}","templated":true}]}}