{"id":1447,"date":"2020-03-05T17:16:51","date_gmt":"2020-03-05T16:16:51","guid":{"rendered":"http:\/\/www.eagle-waterproofing.com\/contact\/"},"modified":"2025-10-27T07:39:33","modified_gmt":"2025-10-27T06:39:33","slug":"contact","status":"publish","type":"page","link":"https:\/\/www.eagle-waterproofing.com\/fr\/contact\/","title":{"rendered":"Contact"},"content":{"rendered":"\t\t<div data-elementor-type=\"wp-page\" data-elementor-id=\"1447\" class=\"elementor elementor-1447 elementor-17\" data-elementor-post-type=\"page\">\n\t\t\t\t\t\t<section class=\"elementor-section elementor-top-section elementor-element elementor-element-3bf3d4d elementor-section-height-min-height elementor-section-boxed elementor-section-height-default elementor-section-items-middle\" data-id=\"3bf3d4d\" data-element_type=\"section\" data-settings=\"{&quot;background_background&quot;:&quot;classic&quot;}\">\n\t\t\t\t\t\t\t<div class=\"elementor-background-overlay\"><\/div>\n\t\t\t\t\t\t\t<div class=\"elementor-container elementor-column-gap-default\">\n\t\t\t\t\t<div class=\"elementor-column elementor-col-100 elementor-top-column elementor-element elementor-element-e7f7790\" data-id=\"e7f7790\" data-element_type=\"column\">\n\t\t\t<div class=\"elementor-widget-wrap elementor-element-populated\">\n\t\t\t\t\t\t<div class=\"elementor-element elementor-element-d2ca261 elementor-widget elementor-widget-heading\" data-id=\"d2ca261\" data-element_type=\"widget\" data-widget_type=\"heading.default\">\n\t\t\t\t<div class=\"elementor-widget-container\">\n\t\t\t\t\t<h1 class=\"elementor-heading-title elementor-size-default\">Contact<\/h1>\t\t\t\t<\/div>\n\t\t\t\t<\/div>\n\t\t\t\t\t<\/div>\n\t\t<\/div>\n\t\t\t\t\t<\/div>\n\t\t<\/section>\n\t\t\t\t<section class=\"elementor-section elementor-top-section elementor-element elementor-element-baff2bc elementor-section-boxed elementor-section-height-default elementor-section-height-default\" data-id=\"baff2bc\" data-element_type=\"section\">\n\t\t\t\t\t\t<div class=\"elementor-container elementor-column-gap-default\">\n\t\t\t\t\t<div class=\"elementor-column elementor-col-50 elementor-top-column elementor-element elementor-element-9898de8\" data-id=\"9898de8\" data-element_type=\"column\">\n\t\t\t<div class=\"elementor-widget-wrap elementor-element-populated\">\n\t\t\t\t\t\t<div class=\"elementor-element elementor-element-0bf180b elementor-widget elementor-widget-image\" data-id=\"0bf180b\" data-element_type=\"widget\" data-widget_type=\"image.default\">\n\t\t\t\t<div class=\"elementor-widget-container\">\n\t\t\t\t\t\t\t\t\t\t\t\t\t\t\t<img fetchpriority=\"high\" decoding=\"async\" width=\"1024\" height=\"581\" src=\"https:\/\/www.eagle-waterproofing.com\/wp-content\/uploads\/2020\/04\/map_eagle-1024x581.jpg\" class=\"attachment-large size-large wp-image-412\" alt=\"mapamundi-oficinas-eaglewi\" srcset=\"https:\/\/www.eagle-waterproofing.com\/wp-content\/uploads\/2020\/04\/map_eagle-1024x581.jpg 1024w, https:\/\/www.eagle-waterproofing.com\/wp-content\/uploads\/2020\/04\/map_eagle-300x170.jpg 300w, https:\/\/www.eagle-waterproofing.com\/wp-content\/uploads\/2020\/04\/map_eagle-768x436.jpg 768w, https:\/\/www.eagle-waterproofing.com\/wp-content\/uploads\/2020\/04\/map_eagle.jpg 1308w\" sizes=\"(max-width: 1024px) 100vw, 1024px\" \/>\t\t\t\t\t\t\t\t\t\t\t\t\t\t\t<\/div>\n\t\t\t\t<\/div>\n\t\t\t\t\t<\/div>\n\t\t<\/div>\n\t\t\t\t<div class=\"elementor-column elementor-col-50 elementor-top-column elementor-element elementor-element-0becc80\" data-id=\"0becc80\" data-element_type=\"column\">\n\t\t\t<div class=\"elementor-widget-wrap elementor-element-populated\">\n\t\t\t\t\t\t<div class=\"elementor-element elementor-element-3fa6204 elementor-button-align-stretch elementor-widget elementor-widget-form\" data-id=\"3fa6204\" data-element_type=\"widget\" id=\"form_contacto\" data-settings=\"{&quot;button_width&quot;:&quot;33&quot;,&quot;step_next_label&quot;:&quot;Next&quot;,&quot;step_previous_label&quot;:&quot;Previous&quot;,&quot;step_type&quot;:&quot;number_text&quot;,&quot;step_icon_shape&quot;:&quot;circle&quot;}\" data-widget_type=\"form.default\">\n\t\t\t\t<div class=\"elementor-widget-container\">\n\t\t\t\t\t\t\t<form class=\"elementor-form\" method=\"post\" name=\"Nouvelle forme\" aria-label=\"Nouvelle forme\">\n\t\t\t<input type=\"hidden\" name=\"post_id\" value=\"1447\"\/>\n\t\t\t<input type=\"hidden\" name=\"form_id\" value=\"3fa6204\"\/>\n\t\t\t<input type=\"hidden\" name=\"referer_title\" value=\"Contact - Eagle Waterproofing\" \/>\n\n\t\t\t\t\t\t\t<input type=\"hidden\" name=\"queried_id\" value=\"1447\"\/>\n\t\t\t\n\t\t\t<div class=\"elementor-form-fields-wrapper elementor-labels-above\">\n\t\t\t\t\t\t\t\t<div class=\"elementor-field-type-text elementor-field-group elementor-column elementor-field-group-name elementor-col-50 elementor-field-required elementor-mark-required\">\n\t\t\t\t\t\t\t\t\t\t\t\t\t<input size=\"1\" type=\"text\" name=\"form_fields[name]\" id=\"form-field-name\" class=\"elementor-field elementor-size-sm  elementor-field-textual\" placeholder=\"Nom\" required=\"required\">\n\t\t\t\t\t\t\t\t\t\t\t<\/div>\n\t\t\t\t\t\t\t\t<div class=\"elementor-field-type-text elementor-field-group elementor-column elementor-field-group-field_3cecf4e elementor-col-50 elementor-field-required elementor-mark-required\">\n\t\t\t\t\t\t\t\t\t\t\t\t\t<input size=\"1\" type=\"text\" name=\"form_fields[field_3cecf4e]\" id=\"form-field-field_3cecf4e\" class=\"elementor-field elementor-size-sm  elementor-field-textual\" placeholder=\"Nom de Familie\" required=\"required\">\n\t\t\t\t\t\t\t\t\t\t\t<\/div>\n\t\t\t\t\t\t\t\t<div class=\"elementor-field-type-text elementor-field-group elementor-column elementor-field-group-message elementor-col-50 elementor-field-required elementor-mark-required\">\n\t\t\t\t\t\t\t\t\t\t\t\t\t<input size=\"1\" type=\"text\" name=\"form_fields[message]\" id=\"form-field-message\" class=\"elementor-field elementor-size-sm  elementor-field-textual\" placeholder=\"R\u00e9gion\" required=\"required\">\n\t\t\t\t\t\t\t\t\t\t\t<\/div>\n\t\t\t\t\t\t\t\t<div class=\"elementor-field-type-text elementor-field-group elementor-column elementor-field-group-field_b051067 elementor-col-50 elementor-field-required elementor-mark-required\">\n\t\t\t\t\t\t\t\t\t\t\t\t\t<input size=\"1\" type=\"text\" name=\"form_fields[field_b051067]\" id=\"form-field-field_b051067\" class=\"elementor-field elementor-size-sm  elementor-field-textual\" placeholder=\"Pays\" required=\"required\">\n\t\t\t\t\t\t\t\t\t\t\t<\/div>\n\t\t\t\t\t\t\t\t<div class=\"elementor-field-type-email elementor-field-group elementor-column elementor-field-group-email elementor-col-80 elementor-field-required elementor-mark-required\">\n\t\t\t\t\t\t\t\t\t\t\t\t\t<input size=\"1\" type=\"email\" name=\"form_fields[email]\" id=\"form-field-email\" class=\"elementor-field elementor-size-sm  elementor-field-textual\" placeholder=\"Email\" required=\"required\">\n\t\t\t\t\t\t\t\t\t\t\t<\/div>\n\t\t\t\t\t\t\t\t<div class=\"elementor-field-type-tel elementor-field-group elementor-column elementor-field-group-field_898d444 elementor-col-80\">\n\t\t\t\t\t\t\t<input size=\"1\" type=\"tel\" name=\"form_fields[field_898d444]\" id=\"form-field-field_898d444\" class=\"elementor-field elementor-size-sm  elementor-field-textual\" placeholder=\"Tel\" pattern=\"[0-9()#&amp;+*-=.]+\" title=\"Seuls les caract\u00e8res de num\u00e9ros de t\u00e9l\u00e9phone (#, -, *, etc.) sont accept\u00e9s.\">\n\n\t\t\t\t\t\t<\/div>\n\t\t\t\t\t\t\t\t<div class=\"elementor-field-type-textarea elementor-field-group elementor-column elementor-field-group-field_3be8b0d elementor-col-80\">\n\t\t\t\t\t<textarea class=\"elementor-field-textual elementor-field  elementor-size-sm\" name=\"form_fields[field_3be8b0d]\" id=\"form-field-field_3be8b0d\" rows=\"4\" placeholder=\"Message\"><\/textarea>\t\t\t\t<\/div>\n\t\t\t\t\t\t\t\t<div class=\"elementor-field-type-html elementor-field-group elementor-column elementor-field-group-field_36dd827 elementor-col-100\">\n\t\t\t\t\t<strong>Protection des donn\u00e9es personnelles<\/strong><br>\nNous utiliserons vos donn\u00e9es pour r\u00e9pondre aux requ\u00eates et effectuer des analyses statistiques. Pour plus d'informations sur le traitement et vos droits, veuillez consulter la\n<strong> <a href=\"https:\/\/www.eagle-waterproofing.com\/politica-de-privacidad-2\/\" target=\"_blanc\">la politique de confidentialit\u00e9<\/a><\/strong>\t\t\t\t<\/div>\n\t\t\t\t\t\t\t\t<div class=\"elementor-field-type-acceptance elementor-field-group elementor-column elementor-field-group-field_b3b46da elementor-col-100 elementor-field-required elementor-mark-required\">\n\t\t\t\t\t\t\t<div class=\"elementor-field-subgroup\">\n\t\t\t<span class=\"elementor-field-option\">\n\t\t\t\t<input type=\"checkbox\" name=\"form_fields[field_b3b46da]\" id=\"form-field-field_b3b46da\" class=\"elementor-field elementor-size-sm  elementor-acceptance-field\" required=\"required\">\n\t\t\t\t<label for=\"form-field-field_b3b46da\">J'accepte le traitement des donn\u00e9es pour l'envoi de la newsletter<\/label>\t\t\t<\/span>\n\t\t<\/div>\n\t\t\t\t\t\t<\/div>\n\t\t\t\t\t\t\t\t<div class=\"elementor-field-type-recaptcha_v3 elementor-field-group elementor-column elementor-field-group-field_099f2ca elementor-col-100 recaptcha_v3-bottomright\">\n\t\t\t\t\t<div class=\"elementor-field\" id=\"form-field-field_099f2ca\"><div class=\"elementor-g-recaptcha\" data-sitekey=\"6LfR0-wUAAAAAPQmnaP-It7ivqaifDkK4j-jmtC2\" data-type=\"v3\" data-action=\"Form\" data-badge=\"bottomright\" data-size=\"invisible\"><\/div><\/div>\t\t\t\t<\/div>\n\t\t\t\t\t\t\t\t<div class=\"elementor-field-group elementor-column elementor-field-type-submit elementor-col-33 e-form__buttons\">\n\t\t\t\t\t<button class=\"elementor-button elementor-size-sm\" type=\"submit\">\n\t\t\t\t\t\t<span class=\"elementor-button-content-wrapper\">\n\t\t\t\t\t\t\t\t\t\t\t\t\t\t\t\t\t\t\t\t\t\t<span class=\"elementor-button-text\">Send<\/span>\n\t\t\t\t\t\t\t\t\t\t\t\t\t<\/span>\n\t\t\t\t\t<\/button>\n\t\t\t\t<\/div>\n\t\t\t<\/div>\n\t\t<\/form>\n\t\t\t\t\t\t<\/div>\n\t\t\t\t<\/div>\n\t\t\t\t<div class=\"elementor-element elementor-element-9243b83 elementor-hidden-desktop elementor-hidden-tablet elementor-hidden-mobile elementor-widget elementor-widget-image\" data-id=\"9243b83\" data-element_type=\"widget\" data-widget_type=\"image.default\">\n\t\t\t\t<div class=\"elementor-widget-container\">\n\t\t\t\t\t\t\t\t\t\t\t\t\t\t\t\t<a href=\"https:\/\/live.letsgetdigital.com\/4424-brd2025\/registration\/4\/36dbf4de69ad3809a65a355fead3ec36\/form\/313\/\" target=\"_blank\">\n\t\t\t\t\t\t\t<img decoding=\"async\" width=\"1024\" height=\"307\" src=\"https:\/\/www.eagle-waterproofing.com\/wp-content\/uploads\/2025\/10\/BANNER_Belgium-Roof-Day_25-FR-1024x307.jpg\" class=\"attachment-large size-large wp-image-8795\" alt=\"\" srcset=\"https:\/\/www.eagle-waterproofing.com\/wp-content\/uploads\/2025\/10\/BANNER_Belgium-Roof-Day_25-FR-1024x307.jpg 1024w, https:\/\/www.eagle-waterproofing.com\/wp-content\/uploads\/2025\/10\/BANNER_Belgium-Roof-Day_25-FR-300x90.jpg 300w, https:\/\/www.eagle-waterproofing.com\/wp-content\/uploads\/2025\/10\/BANNER_Belgium-Roof-Day_25-FR-768x230.jpg 768w, https:\/\/www.eagle-waterproofing.com\/wp-content\/uploads\/2025\/10\/BANNER_Belgium-Roof-Day_25-FR-1536x461.jpg 1536w, https:\/\/www.eagle-waterproofing.com\/wp-content\/uploads\/2025\/10\/BANNER_Belgium-Roof-Day_25-FR.jpg 2000w\" sizes=\"(max-width: 1024px) 100vw, 1024px\" \/>\t\t\t\t\t\t\t\t<\/a>\n\t\t\t\t\t\t\t\t\t\t\t\t\t\t\t<\/div>\n\t\t\t\t<\/div>\n\t\t\t\t<div class=\"elementor-element elementor-element-80e97ac elementor-hidden-desktop elementor-hidden-tablet elementor-hidden-mobile elementor-widget elementor-widget-text-editor\" data-id=\"80e97ac\" data-element_type=\"widget\" data-widget_type=\"text-editor.default\">\n\t\t\t\t<div class=\"elementor-widget-container\">\n\t\t\t\t\t\t\t\t\t<p>Informaci\u00f3n protecci\u00f3n de datos <strong>Eagle Waterproofing Iberica S.L. <\/strong>B67298943<br \/><strong>Finalidades:<\/strong> Responder a sus solicitudes y remitirle informaci\u00f3n comercial de nuestros productos y servicios, incluso por correo electr\u00f3nico.\u00a0 <strong>Legitimaci\u00f3n: <\/strong>Consentimiento del interesado. <strong>Destinatarios: <\/strong>No est\u00e1n previstas cesiones de datos. <strong>Derechos:<\/strong> Puede retirar su consentimiento en cualquier momento, as\u00ed como acceder, rectificar, suprimir sus datos y dem\u00e1s derechos en <a href=\"mailto:info@eagle-waterproofing.com\">info@eagle-waterproofing.com<\/a>. <strong>Informaci\u00f3n Adicional:<\/strong> Puede ampliar la informaci\u00f3n en el enlace de <a href=\"https:\/\/www.eagle-waterproofing.com\/politica-de-privacidad\/\" target=\"_blank\" rel=\"noopener\">Pol\u00edtica de Privacidad.<\/a><\/p>\n\t\t\t\t\t\t\t\t<\/div>\n\t\t\t\t<\/div>\n\t\t\t\t\t<\/div>\n\t\t<\/div>\n\t\t\t\t\t<\/div>\n\t\t<\/section>\n\t\t\t\t<\/div>\n\t\t","protected":false},"excerpt":{"rendered":"<p>Contact Informaci\u00f3n protecci\u00f3n de datos Eagle Waterproofing Iberica S.L. B67298943Finalidades: Responder a sus solicitudes y remitirle informaci\u00f3n comercial de nuestros productos y servicios, incluso por correo electr\u00f3nico.\u00a0 Legitimaci\u00f3n: Consentimiento del interesado. Destinatarios: No est\u00e1n previstas cesiones de datos. Derechos: Puede retirar su consentimiento en cualquier momento, as\u00ed como acceder, rectificar, suprimir sus datos y dem\u00e1s &#8230; <a title=\"Contact\" class=\"read-more\" href=\"https:\/\/www.eagle-waterproofing.com\/fr\/contact\/\">Read more<\/a><\/p>\n","protected":false},"author":1,"featured_media":0,"parent":0,"menu_order":6,"comment_status":"closed","ping_status":"closed","template":"","meta":{"_acf_changed":false,"footnotes":""},"class_list":["post-1447","page","type-page","status-publish"],"acf":[],"yoast_head":"<!-- This site is optimized with the Yoast SEO plugin v26.8 - https:\/\/yoast.com\/product\/yoast-seo-wordpress\/ -->\n<title>Contact - Eagle Waterproofing<\/title>\n<meta name=\"robots\" content=\"index, follow, max-snippet:-1, max-image-preview:large, max-video-preview:-1\" \/>\n<link rel=\"canonical\" href=\"https:\/\/www.eagle-waterproofing.com\/fr\/contact\/\" \/>\n<meta property=\"og:locale\" content=\"fr_FR\" \/>\n<meta property=\"og:type\" content=\"article\" \/>\n<meta property=\"og:title\" content=\"Contact - Eagle Waterproofing\" \/>\n<meta property=\"og:description\" content=\"Contact Informaci\u00f3n protecci\u00f3n de datos Eagle Waterproofing Iberica S.L. B67298943Finalidades: Responder a sus solicitudes y remitirle informaci\u00f3n comercial de nuestros productos y servicios, incluso por correo electr\u00f3nico.\u00a0 Legitimaci\u00f3n: Consentimiento del interesado. Destinatarios: No est\u00e1n previstas cesiones de datos. Derechos: Puede retirar su consentimiento en cualquier momento, as\u00ed como acceder, rectificar, suprimir sus datos y dem\u00e1s ... Read more\" \/>\n<meta property=\"og:url\" content=\"https:\/\/www.eagle-waterproofing.com\/fr\/contact\/\" \/>\n<meta property=\"og:site_name\" content=\"Eagle Waterproofing\" \/>\n<meta property=\"article:publisher\" content=\"https:\/\/www.facebook.com\/EagleWaterproofingInternational\" \/>\n<meta property=\"article:modified_time\" content=\"2025-10-27T06:39:33+00:00\" \/>\n<meta property=\"og:image\" content=\"https:\/\/www.eagle-waterproofing.com\/wp-content\/uploads\/2020\/04\/map_eagle.jpg\" \/>\n\t<meta property=\"og:image:width\" content=\"1308\" \/>\n\t<meta property=\"og:image:height\" content=\"742\" \/>\n\t<meta property=\"og:image:type\" content=\"image\/jpeg\" \/>\n<meta name=\"twitter:card\" content=\"summary_large_image\" \/>\n<meta name=\"twitter:site\" content=\"@EagleIberica\" \/>\n<meta name=\"twitter:label1\" content=\"Dur\u00e9e de lecture estim\u00e9e\" \/>\n\t<meta name=\"twitter:data1\" content=\"1 minute\" \/>\n<script type=\"application\/ld+json\" class=\"yoast-schema-graph\">{\"@context\":\"https:\/\/schema.org\",\"@graph\":[{\"@type\":\"WebPage\",\"@id\":\"https:\/\/www.eagle-waterproofing.com\/fr\/contact\/\",\"url\":\"https:\/\/www.eagle-waterproofing.com\/fr\/contact\/\",\"name\":\"Contact - Eagle Waterproofing\",\"isPartOf\":{\"@id\":\"https:\/\/www.eagle-waterproofing.com\/fr\/#website\"},\"primaryImageOfPage\":{\"@id\":\"https:\/\/www.eagle-waterproofing.com\/fr\/contact\/#primaryimage\"},\"image\":{\"@id\":\"https:\/\/www.eagle-waterproofing.com\/fr\/contact\/#primaryimage\"},\"thumbnailUrl\":\"https:\/\/www.eagle-waterproofing.com\/wp-content\/uploads\/2020\/04\/map_eagle-1024x581.jpg\",\"datePublished\":\"2020-03-05T16:16:51+00:00\",\"dateModified\":\"2025-10-27T06:39:33+00:00\",\"breadcrumb\":{\"@id\":\"https:\/\/www.eagle-waterproofing.com\/fr\/contact\/#breadcrumb\"},\"inLanguage\":\"fr-FR\",\"potentialAction\":[{\"@type\":\"ReadAction\",\"target\":[\"https:\/\/www.eagle-waterproofing.com\/fr\/contact\/\"]}]},{\"@type\":\"ImageObject\",\"inLanguage\":\"fr-FR\",\"@id\":\"https:\/\/www.eagle-waterproofing.com\/fr\/contact\/#primaryimage\",\"url\":\"https:\/\/www.eagle-waterproofing.com\/wp-content\/uploads\/2020\/04\/map_eagle-1024x581.jpg\",\"contentUrl\":\"https:\/\/www.eagle-waterproofing.com\/wp-content\/uploads\/2020\/04\/map_eagle-1024x581.jpg\"},{\"@type\":\"BreadcrumbList\",\"@id\":\"https:\/\/www.eagle-waterproofing.com\/fr\/contact\/#breadcrumb\",\"itemListElement\":[{\"@type\":\"ListItem\",\"position\":1,\"name\":\"Eagle Waterproofing France\",\"item\":{\"@id\":\"https:\/\/www.eagle-waterproofing.com\/fr\/\",\"name\":\"Eagle Waterproofing France\"}},{\"@type\":\"ListItem\",\"position\":2,\"name\":\"Contact\"}]},{\"@type\":\"WebSite\",\"@id\":\"https:\/\/www.eagle-waterproofing.com\/fr\/#website\",\"url\":\"https:\/\/www.eagle-waterproofing.com\/fr\/\",\"name\":\"Eagle Waterproofing\",\"description\":\"Sistemas de impermeabilizaci\u00f3n avanzados\",\"publisher\":{\"@id\":\"https:\/\/www.eagle-waterproofing.com\/fr\/#organization\"},\"potentialAction\":[{\"@type\":\"SearchAction\",\"target\":{\"@type\":\"EntryPoint\",\"urlTemplate\":\"https:\/\/www.eagle-waterproofing.com\/fr\/?s={search_term_string}\"},\"query-input\":{\"@type\":\"PropertyValueSpecification\",\"valueRequired\":true,\"valueName\":\"search_term_string\"}}],\"inLanguage\":\"fr-FR\"},{\"@type\":\"Organization\",\"@id\":\"https:\/\/www.eagle-waterproofing.com\/fr\/#organization\",\"name\":\"Eagle Waterproofing\",\"url\":\"https:\/\/www.eagle-waterproofing.com\/fr\/\",\"logo\":{\"@type\":\"ImageObject\",\"inLanguage\":\"fr-FR\",\"@id\":\"https:\/\/www.eagle-waterproofing.com\/fr\/#\/schema\/logo\/image\/\",\"url\":\"https:\/\/www.eagle-waterproofing.com\/wp-content\/uploads\/2020\/04\/eagle-group.svg\",\"contentUrl\":\"https:\/\/www.eagle-waterproofing.com\/wp-content\/uploads\/2020\/04\/eagle-group.svg\",\"width\":666,\"height\":249,\"caption\":\"Eagle Waterproofing\"},\"image\":{\"@id\":\"https:\/\/www.eagle-waterproofing.com\/fr\/#\/schema\/logo\/image\/\"},\"sameAs\":[\"https:\/\/www.facebook.com\/EagleWaterproofingInternational\",\"https:\/\/x.com\/EagleIberica\",\"https:\/\/www.youtube.com\/channel\/UCqqZEd9s88-wxoLLQqa7pOA\",\"https:\/\/www.instagram.com\/eaglewaterproofing\/\",\"https:\/\/www.linkedin.com\/company\/eagle-waterproofing-iberica\"]}]}<\/script>\n<!-- \/ Yoast SEO plugin. -->","yoast_head_json":{"title":"Contact - Eagle Waterproofing","robots":{"index":"index","follow":"follow","max-snippet":"max-snippet:-1","max-image-preview":"max-image-preview:large","max-video-preview":"max-video-preview:-1"},"canonical":"https:\/\/www.eagle-waterproofing.com\/fr\/contact\/","og_locale":"fr_FR","og_type":"article","og_title":"Contact - Eagle Waterproofing","og_description":"Contact Informaci\u00f3n protecci\u00f3n de datos Eagle Waterproofing Iberica S.L. B67298943Finalidades: Responder a sus solicitudes y remitirle informaci\u00f3n comercial de nuestros productos y servicios, incluso por correo electr\u00f3nico.\u00a0 Legitimaci\u00f3n: Consentimiento del interesado. Destinatarios: No est\u00e1n previstas cesiones de datos. Derechos: Puede retirar su consentimiento en cualquier momento, as\u00ed como acceder, rectificar, suprimir sus datos y dem\u00e1s ... Read more","og_url":"https:\/\/www.eagle-waterproofing.com\/fr\/contact\/","og_site_name":"Eagle Waterproofing","article_publisher":"https:\/\/www.facebook.com\/EagleWaterproofingInternational","article_modified_time":"2025-10-27T06:39:33+00:00","og_image":[{"width":1308,"height":742,"url":"https:\/\/www.eagle-waterproofing.com\/wp-content\/uploads\/2020\/04\/map_eagle.jpg","type":"image\/jpeg"}],"twitter_card":"summary_large_image","twitter_site":"@EagleIberica","twitter_misc":{"Dur\u00e9e de lecture estim\u00e9e":"1 minute"},"schema":{"@context":"https:\/\/schema.org","@graph":[{"@type":"WebPage","@id":"https:\/\/www.eagle-waterproofing.com\/fr\/contact\/","url":"https:\/\/www.eagle-waterproofing.com\/fr\/contact\/","name":"Contact - Eagle Waterproofing","isPartOf":{"@id":"https:\/\/www.eagle-waterproofing.com\/fr\/#website"},"primaryImageOfPage":{"@id":"https:\/\/www.eagle-waterproofing.com\/fr\/contact\/#primaryimage"},"image":{"@id":"https:\/\/www.eagle-waterproofing.com\/fr\/contact\/#primaryimage"},"thumbnailUrl":"https:\/\/www.eagle-waterproofing.com\/wp-content\/uploads\/2020\/04\/map_eagle-1024x581.jpg","datePublished":"2020-03-05T16:16:51+00:00","dateModified":"2025-10-27T06:39:33+00:00","breadcrumb":{"@id":"https:\/\/www.eagle-waterproofing.com\/fr\/contact\/#breadcrumb"},"inLanguage":"fr-FR","potentialAction":[{"@type":"ReadAction","target":["https:\/\/www.eagle-waterproofing.com\/fr\/contact\/"]}]},{"@type":"ImageObject","inLanguage":"fr-FR","@id":"https:\/\/www.eagle-waterproofing.com\/fr\/contact\/#primaryimage","url":"https:\/\/www.eagle-waterproofing.com\/wp-content\/uploads\/2020\/04\/map_eagle-1024x581.jpg","contentUrl":"https:\/\/www.eagle-waterproofing.com\/wp-content\/uploads\/2020\/04\/map_eagle-1024x581.jpg"},{"@type":"BreadcrumbList","@id":"https:\/\/www.eagle-waterproofing.com\/fr\/contact\/#breadcrumb","itemListElement":[{"@type":"ListItem","position":1,"name":"Eagle Waterproofing France","item":{"@id":"https:\/\/www.eagle-waterproofing.com\/fr\/","name":"Eagle Waterproofing France"}},{"@type":"ListItem","position":2,"name":"Contact"}]},{"@type":"WebSite","@id":"https:\/\/www.eagle-waterproofing.com\/fr\/#website","url":"https:\/\/www.eagle-waterproofing.com\/fr\/","name":"Eagle Waterproofing","description":"Sistemas de impermeabilizaci\u00f3n avanzados","publisher":{"@id":"https:\/\/www.eagle-waterproofing.com\/fr\/#organization"},"potentialAction":[{"@type":"SearchAction","target":{"@type":"EntryPoint","urlTemplate":"https:\/\/www.eagle-waterproofing.com\/fr\/?s={search_term_string}"},"query-input":{"@type":"PropertyValueSpecification","valueRequired":true,"valueName":"search_term_string"}}],"inLanguage":"fr-FR"},{"@type":"Organization","@id":"https:\/\/www.eagle-waterproofing.com\/fr\/#organization","name":"Eagle Waterproofing","url":"https:\/\/www.eagle-waterproofing.com\/fr\/","logo":{"@type":"ImageObject","inLanguage":"fr-FR","@id":"https:\/\/www.eagle-waterproofing.com\/fr\/#\/schema\/logo\/image\/","url":"https:\/\/www.eagle-waterproofing.com\/wp-content\/uploads\/2020\/04\/eagle-group.svg","contentUrl":"https:\/\/www.eagle-waterproofing.com\/wp-content\/uploads\/2020\/04\/eagle-group.svg","width":666,"height":249,"caption":"Eagle Waterproofing"},"image":{"@id":"https:\/\/www.eagle-waterproofing.com\/fr\/#\/schema\/logo\/image\/"},"sameAs":["https:\/\/www.facebook.com\/EagleWaterproofingInternational","https:\/\/x.com\/EagleIberica","https:\/\/www.youtube.com\/channel\/UCqqZEd9s88-wxoLLQqa7pOA","https:\/\/www.instagram.com\/eaglewaterproofing\/","https:\/\/www.linkedin.com\/company\/eagle-waterproofing-iberica"]}]}},"_links":{"self":[{"href":"https:\/\/www.eagle-waterproofing.com\/fr\/wp-json\/wp\/v2\/pages\/1447","targetHints":{"allow":["GET"]}}],"collection":[{"href":"https:\/\/www.eagle-waterproofing.com\/fr\/wp-json\/wp\/v2\/pages"}],"about":[{"href":"https:\/\/www.eagle-waterproofing.com\/fr\/wp-json\/wp\/v2\/types\/page"}],"author":[{"embeddable":true,"href":"https:\/\/www.eagle-waterproofing.com\/fr\/wp-json\/wp\/v2\/users\/1"}],"replies":[{"embeddable":true,"href":"https:\/\/www.eagle-waterproofing.com\/fr\/wp-json\/wp\/v2\/comments?post=1447"}],"version-history":[{"count":67,"href":"https:\/\/www.eagle-waterproofing.com\/fr\/wp-json\/wp\/v2\/pages\/1447\/revisions"}],"predecessor-version":[{"id":8917,"href":"https:\/\/www.eagle-waterproofing.com\/fr\/wp-json\/wp\/v2\/pages\/1447\/revisions\/8917"}],"wp:attachment":[{"href":"https:\/\/www.eagle-waterproofing.com\/fr\/wp-json\/wp\/v2\/media?parent=1447"}],"curies":[{"name":"wp","href":"https:\/\/api.w.org\/{rel}","templated":true}]}}