{"id":4283,"date":"2024-02-01T10:52:57","date_gmt":"2024-02-01T09:52:57","guid":{"rendered":"https:\/\/www.eagle-waterproofing.com\/aquapol-info\/"},"modified":"2025-11-18T10:08:19","modified_gmt":"2025-11-18T09:08:19","slug":"aquapol-info","status":"publish","type":"page","link":"https:\/\/www.eagle-waterproofing.com\/en\/aquapol-info\/","title":{"rendered":"Aquapol-info"},"content":{"rendered":"\t\t<div data-elementor-type=\"wp-page\" data-elementor-id=\"4283\" class=\"elementor elementor-4283 elementor-4258\" data-elementor-post-type=\"page\">\n\t\t\t\t\t\t<section class=\"elementor-section elementor-top-section elementor-element elementor-element-573ca49 elementor-section-height-min-height elementor-section-boxed elementor-section-height-default elementor-section-items-middle\" data-id=\"573ca49\" data-element_type=\"section\" data-settings=\"{&quot;background_background&quot;:&quot;classic&quot;}\">\n\t\t\t\t\t\t\t<div class=\"elementor-background-overlay\"><\/div>\n\t\t\t\t\t\t\t<div class=\"elementor-container elementor-column-gap-default\">\n\t\t\t\t\t<div class=\"elementor-column elementor-col-100 elementor-top-column elementor-element elementor-element-5ed397e\" data-id=\"5ed397e\" data-element_type=\"column\">\n\t\t\t<div class=\"elementor-widget-wrap elementor-element-populated\">\n\t\t\t\t\t\t<div class=\"elementor-element elementor-element-76b525b elementor-widget elementor-widget-heading\" data-id=\"76b525b\" data-element_type=\"widget\" data-widget_type=\"heading.default\">\n\t\t\t\t<div class=\"elementor-widget-container\">\n\t\t\t\t\t<h1 class=\"elementor-heading-title elementor-size-default\">AQUAPOL<\/h1>\t\t\t\t<\/div>\n\t\t\t\t<\/div>\n\t\t\t\t\t<\/div>\n\t\t<\/div>\n\t\t\t\t\t<\/div>\n\t\t<\/section>\n\t\t\t\t<section class=\"elementor-section elementor-top-section elementor-element elementor-element-d176d37 elementor-section-boxed elementor-section-height-default elementor-section-height-default\" data-id=\"d176d37\" data-element_type=\"section\">\n\t\t\t\t\t\t<div class=\"elementor-container elementor-column-gap-default\">\n\t\t\t\t\t<div class=\"elementor-column elementor-col-100 elementor-top-column elementor-element elementor-element-020aa4b\" data-id=\"020aa4b\" data-element_type=\"column\">\n\t\t\t<div class=\"elementor-widget-wrap elementor-element-populated\">\n\t\t\t\t\t\t<div class=\"elementor-element elementor-element-7bf85ac elementor-widget elementor-widget-heading\" data-id=\"7bf85ac\" data-element_type=\"widget\" data-widget_type=\"heading.default\">\n\t\t\t\t<div class=\"elementor-widget-container\">\n\t\t\t\t\t<h2 class=\"elementor-heading-title elementor-size-default\">Elije tu Idioma | Choose Language | Choisissez la Langue<\/h2>\t\t\t\t<\/div>\n\t\t\t\t<\/div>\n\t\t\t\t\t<\/div>\n\t\t<\/div>\n\t\t\t\t\t<\/div>\n\t\t<\/section>\n\t\t\t\t<section class=\"elementor-section elementor-top-section elementor-element elementor-element-8d13158 elementor-section-boxed elementor-section-height-default elementor-section-height-default\" data-id=\"8d13158\" data-element_type=\"section\">\n\t\t\t\t\t\t<div class=\"elementor-container elementor-column-gap-default\">\n\t\t\t\t\t<div class=\"elementor-column elementor-col-33 elementor-top-column elementor-element elementor-element-5db869f\" data-id=\"5db869f\" data-element_type=\"column\">\n\t\t\t<div class=\"elementor-widget-wrap elementor-element-populated\">\n\t\t\t\t\t\t<div class=\"elementor-element elementor-element-9408b41 elementor-widget elementor-widget-image\" data-id=\"9408b41\" data-element_type=\"widget\" data-widget_type=\"image.default\">\n\t\t\t\t<div class=\"elementor-widget-container\">\n\t\t\t\t\t\t\t\t\t\t\t\t\t\t\t<img fetchpriority=\"high\" decoding=\"async\" width=\"400\" height=\"440\" src=\"https:\/\/www.eagle-waterproofing.com\/wp-content\/uploads\/2024\/02\/aquapol_es-info.jpg\" class=\"attachment-large size-large wp-image-4286\" alt=\"\" srcset=\"https:\/\/www.eagle-waterproofing.com\/wp-content\/uploads\/2024\/02\/aquapol_es-info.jpg 400w, https:\/\/www.eagle-waterproofing.com\/wp-content\/uploads\/2024\/02\/aquapol_es-info-273x300.jpg 273w\" sizes=\"(max-width: 400px) 100vw, 400px\" \/>\t\t\t\t\t\t\t\t\t\t\t\t\t\t\t<\/div>\n\t\t\t\t<\/div>\n\t\t\t\t<div class=\"elementor-element elementor-element-3fd9799 elementor-widget elementor-widget-heading\" data-id=\"3fd9799\" data-element_type=\"widget\" data-widget_type=\"heading.default\">\n\t\t\t\t<div class=\"elementor-widget-container\">\n\t\t\t\t\t<h2 class=\"elementor-heading-title elementor-size-default\">Descargas<br>Especificaciones, Cat\u00e1logos y Evaluaciones T\u00e9cnicas<\/h2>\t\t\t\t<\/div>\n\t\t\t\t<\/div>\n\t\t\t\t<div class=\"elementor-element elementor-element-a3269d1 elementor-align-center elementor-widget elementor-widget-button\" data-id=\"a3269d1\" data-element_type=\"widget\" data-widget_type=\"button.default\">\n\t\t\t\t<div class=\"elementor-widget-container\">\n\t\t\t\t\t\t\t\t\t<div class=\"elementor-button-wrapper\">\n\t\t\t\t\t<a class=\"elementor-button elementor-button-link elementor-size-sm\" href=\"https:\/\/www.eagle-waterproofing.com\/aquapol-especificaciones\/\">\n\t\t\t\t\t\t<span class=\"elementor-button-content-wrapper\">\n\t\t\t\t\t\t\t\t\t<span class=\"elementor-button-text\">Espa\u00f1ol<\/span>\n\t\t\t\t\t<\/span>\n\t\t\t\t\t<\/a>\n\t\t\t\t<\/div>\n\t\t\t\t\t\t\t\t<\/div>\n\t\t\t\t<\/div>\n\t\t\t\t\t<\/div>\n\t\t<\/div>\n\t\t\t\t<div class=\"elementor-column elementor-col-33 elementor-top-column elementor-element elementor-element-55a328b\" data-id=\"55a328b\" data-element_type=\"column\">\n\t\t\t<div class=\"elementor-widget-wrap elementor-element-populated\">\n\t\t\t\t\t\t<div class=\"elementor-element elementor-element-03aa012 elementor-widget elementor-widget-image\" data-id=\"03aa012\" data-element_type=\"widget\" data-widget_type=\"image.default\">\n\t\t\t\t<div class=\"elementor-widget-container\">\n\t\t\t\t\t\t\t\t\t\t\t\t\t\t\t<img decoding=\"async\" width=\"400\" height=\"440\" src=\"https:\/\/www.eagle-waterproofing.com\/wp-content\/uploads\/2024\/02\/aquapol_en_info.jpg\" class=\"attachment-large size-large wp-image-4289\" alt=\"\" srcset=\"https:\/\/www.eagle-waterproofing.com\/wp-content\/uploads\/2024\/02\/aquapol_en_info.jpg 400w, https:\/\/www.eagle-waterproofing.com\/wp-content\/uploads\/2024\/02\/aquapol_en_info-273x300.jpg 273w\" sizes=\"(max-width: 400px) 100vw, 400px\" \/>\t\t\t\t\t\t\t\t\t\t\t\t\t\t\t<\/div>\n\t\t\t\t<\/div>\n\t\t\t\t<div class=\"elementor-element elementor-element-566dfcd elementor-widget elementor-widget-heading\" data-id=\"566dfcd\" data-element_type=\"widget\" data-widget_type=\"heading.default\">\n\t\t\t\t<div class=\"elementor-widget-container\">\n\t\t\t\t\t<h2 class=\"elementor-heading-title elementor-size-default\">Downloads<br>Specifications, Catalogs and Technical Evaluations\u200b<\/h2>\t\t\t\t<\/div>\n\t\t\t\t<\/div>\n\t\t\t\t<div class=\"elementor-element elementor-element-022191e elementor-align-center elementor-widget elementor-widget-button\" data-id=\"022191e\" data-element_type=\"widget\" data-widget_type=\"button.default\">\n\t\t\t\t<div class=\"elementor-widget-container\">\n\t\t\t\t\t\t\t\t\t<div class=\"elementor-button-wrapper\">\n\t\t\t\t\t<a class=\"elementor-button elementor-button-link elementor-size-sm\" href=\"https:\/\/www.eagle-waterproofing.com\/en\/aquapol-technical-specifications\/\">\n\t\t\t\t\t\t<span class=\"elementor-button-content-wrapper\">\n\t\t\t\t\t\t\t\t\t<span class=\"elementor-button-text\">English<\/span>\n\t\t\t\t\t<\/span>\n\t\t\t\t\t<\/a>\n\t\t\t\t<\/div>\n\t\t\t\t\t\t\t\t<\/div>\n\t\t\t\t<\/div>\n\t\t\t\t\t<\/div>\n\t\t<\/div>\n\t\t\t\t<div class=\"elementor-column elementor-col-33 elementor-top-column elementor-element elementor-element-13222d8\" data-id=\"13222d8\" data-element_type=\"column\">\n\t\t\t<div class=\"elementor-widget-wrap elementor-element-populated\">\n\t\t\t\t\t\t<div class=\"elementor-element elementor-element-070e14c elementor-widget elementor-widget-image\" data-id=\"070e14c\" data-element_type=\"widget\" data-widget_type=\"image.default\">\n\t\t\t\t<div class=\"elementor-widget-container\">\n\t\t\t\t\t\t\t\t\t\t\t\t\t\t\t<img decoding=\"async\" width=\"400\" height=\"440\" src=\"https:\/\/www.eagle-waterproofing.com\/wp-content\/uploads\/2024\/02\/aquapol_fr_info.jpg\" class=\"attachment-large size-large wp-image-4292\" alt=\"\" srcset=\"https:\/\/www.eagle-waterproofing.com\/wp-content\/uploads\/2024\/02\/aquapol_fr_info.jpg 400w, https:\/\/www.eagle-waterproofing.com\/wp-content\/uploads\/2024\/02\/aquapol_fr_info-273x300.jpg 273w\" sizes=\"(max-width: 400px) 100vw, 400px\" \/>\t\t\t\t\t\t\t\t\t\t\t\t\t\t\t<\/div>\n\t\t\t\t<\/div>\n\t\t\t\t<div class=\"elementor-element elementor-element-2f36a30 elementor-widget elementor-widget-heading\" data-id=\"2f36a30\" data-element_type=\"widget\" data-widget_type=\"heading.default\">\n\t\t\t\t<div class=\"elementor-widget-container\">\n\t\t\t\t\t<h2 class=\"elementor-heading-title elementor-size-default\">T\u00e9l\u00e9chargement<br> Sp\u00e9cifications, catalogues et \u00e9valuations techniques\u200b<\/h2>\t\t\t\t<\/div>\n\t\t\t\t<\/div>\n\t\t\t\t<div class=\"elementor-element elementor-element-c94b093 elementor-align-center elementor-widget elementor-widget-button\" data-id=\"c94b093\" data-element_type=\"widget\" data-widget_type=\"button.default\">\n\t\t\t\t<div class=\"elementor-widget-container\">\n\t\t\t\t\t\t\t\t\t<div class=\"elementor-button-wrapper\">\n\t\t\t\t\t<a class=\"elementor-button elementor-button-link elementor-size-sm\" href=\"https:\/\/www.eagle-waterproofing.com\/fr\/aquapol-specifications\/\">\n\t\t\t\t\t\t<span class=\"elementor-button-content-wrapper\">\n\t\t\t\t\t\t\t\t\t<span class=\"elementor-button-text\">Fran\u00e7ais<\/span>\n\t\t\t\t\t<\/span>\n\t\t\t\t\t<\/a>\n\t\t\t\t<\/div>\n\t\t\t\t\t\t\t\t<\/div>\n\t\t\t\t<\/div>\n\t\t\t\t\t<\/div>\n\t\t<\/div>\n\t\t\t\t\t<\/div>\n\t\t<\/section>\n\t\t\t\t<section class=\"elementor-section elementor-top-section elementor-element elementor-element-c2491a0 elementor-section-boxed elementor-section-height-default elementor-section-height-default\" data-id=\"c2491a0\" data-element_type=\"section\">\n\t\t\t\t\t\t<div class=\"elementor-container elementor-column-gap-default\">\n\t\t\t\t\t<div class=\"elementor-column elementor-col-100 elementor-top-column elementor-element elementor-element-d48eb05\" data-id=\"d48eb05\" data-element_type=\"column\">\n\t\t\t<div class=\"elementor-widget-wrap\">\n\t\t\t\t\t\t\t<\/div>\n\t\t<\/div>\n\t\t\t\t\t<\/div>\n\t\t<\/section>\n\t\t\t\t<\/div>\n\t\t","protected":false},"excerpt":{"rendered":"<p>AQUAPOL Elije tu Idioma | Choose Language | Choisissez la Langue DescargasEspecificaciones, Cat\u00e1logos y Evaluaciones T\u00e9cnicas Espa\u00f1ol DownloadsSpecifications, Catalogs and Technical Evaluations\u200b English T\u00e9l\u00e9chargement Sp\u00e9cifications, catalogues et \u00e9valuations techniques\u200b Fran\u00e7ais<\/p>\n","protected":false},"author":2,"featured_media":0,"parent":0,"menu_order":0,"comment_status":"closed","ping_status":"closed","template":"","meta":{"_acf_changed":false,"footnotes":""},"class_list":["post-4283","page","type-page","status-publish"],"acf":[],"yoast_head":"<!-- This site is optimized with the Yoast SEO plugin v26.8 - https:\/\/yoast.com\/product\/yoast-seo-wordpress\/ -->\n<title>Aquapol-info - Eagle Waterproofing<\/title>\n<meta name=\"robots\" content=\"index, follow, max-snippet:-1, max-image-preview:large, max-video-preview:-1\" \/>\n<link rel=\"canonical\" href=\"https:\/\/www.eagle-waterproofing.com\/en\/aquapol-info\/\" \/>\n<meta property=\"og:locale\" content=\"en_US\" \/>\n<meta property=\"og:type\" content=\"article\" \/>\n<meta property=\"og:title\" content=\"Aquapol-info - Eagle Waterproofing\" \/>\n<meta property=\"og:description\" content=\"AQUAPOL Elije tu Idioma | Choose Language | Choisissez la Langue DescargasEspecificaciones, Cat\u00e1logos y Evaluaciones T\u00e9cnicas Espa\u00f1ol DownloadsSpecifications, Catalogs and Technical Evaluations\u200b English T\u00e9l\u00e9chargement Sp\u00e9cifications, catalogues et \u00e9valuations techniques\u200b Fran\u00e7ais\" \/>\n<meta property=\"og:url\" content=\"https:\/\/www.eagle-waterproofing.com\/en\/aquapol-info\/\" \/>\n<meta property=\"og:site_name\" content=\"Eagle Waterproofing\" \/>\n<meta property=\"article:publisher\" content=\"https:\/\/www.facebook.com\/EagleWaterproofingInternational\" \/>\n<meta property=\"article:modified_time\" content=\"2025-11-18T09:08:19+00:00\" \/>\n<meta property=\"og:image\" content=\"https:\/\/www.eagle-waterproofing.com\/wp-content\/uploads\/2024\/02\/aquapol_es-info.jpg\" \/>\n\t<meta property=\"og:image:width\" content=\"400\" \/>\n\t<meta property=\"og:image:height\" content=\"440\" \/>\n\t<meta property=\"og:image:type\" content=\"image\/jpeg\" \/>\n<meta name=\"twitter:card\" content=\"summary_large_image\" \/>\n<meta name=\"twitter:site\" content=\"@EagleIberica\" \/>\n<meta name=\"twitter:label1\" content=\"Est. reading time\" \/>\n\t<meta name=\"twitter:data1\" content=\"1 minute\" \/>\n<script type=\"application\/ld+json\" class=\"yoast-schema-graph\">{\"@context\":\"https:\/\/schema.org\",\"@graph\":[{\"@type\":\"WebPage\",\"@id\":\"https:\/\/www.eagle-waterproofing.com\/en\/aquapol-info\/\",\"url\":\"https:\/\/www.eagle-waterproofing.com\/en\/aquapol-info\/\",\"name\":\"Aquapol-info - Eagle Waterproofing\",\"isPartOf\":{\"@id\":\"https:\/\/www.eagle-waterproofing.com\/en\/#website\"},\"primaryImageOfPage\":{\"@id\":\"https:\/\/www.eagle-waterproofing.com\/en\/aquapol-info\/#primaryimage\"},\"image\":{\"@id\":\"https:\/\/www.eagle-waterproofing.com\/en\/aquapol-info\/#primaryimage\"},\"thumbnailUrl\":\"https:\/\/www.eagle-waterproofing.com\/wp-content\/uploads\/2024\/02\/aquapol_es-info.jpg\",\"datePublished\":\"2024-02-01T09:52:57+00:00\",\"dateModified\":\"2025-11-18T09:08:19+00:00\",\"breadcrumb\":{\"@id\":\"https:\/\/www.eagle-waterproofing.com\/en\/aquapol-info\/#breadcrumb\"},\"inLanguage\":\"en-US\",\"potentialAction\":[{\"@type\":\"ReadAction\",\"target\":[\"https:\/\/www.eagle-waterproofing.com\/en\/aquapol-info\/\"]}]},{\"@type\":\"ImageObject\",\"inLanguage\":\"en-US\",\"@id\":\"https:\/\/www.eagle-waterproofing.com\/en\/aquapol-info\/#primaryimage\",\"url\":\"https:\/\/www.eagle-waterproofing.com\/wp-content\/uploads\/2024\/02\/aquapol_es-info.jpg\",\"contentUrl\":\"https:\/\/www.eagle-waterproofing.com\/wp-content\/uploads\/2024\/02\/aquapol_es-info.jpg\"},{\"@type\":\"BreadcrumbList\",\"@id\":\"https:\/\/www.eagle-waterproofing.com\/en\/aquapol-info\/#breadcrumb\",\"itemListElement\":[{\"@type\":\"ListItem\",\"position\":1,\"name\":\"Eagle Waterproofing English\",\"item\":{\"@id\":\"https:\/\/www.eagle-waterproofing.com\/en\/\",\"name\":\"Eagle Waterproofing English\"}},{\"@type\":\"ListItem\",\"position\":2,\"name\":\"Aquapol-info\"}]},{\"@type\":\"WebSite\",\"@id\":\"https:\/\/www.eagle-waterproofing.com\/en\/#website\",\"url\":\"https:\/\/www.eagle-waterproofing.com\/en\/\",\"name\":\"Eagle Waterproofing\",\"description\":\"Sistemas de impermeabilizaci\u00f3n avanzados\",\"publisher\":{\"@id\":\"https:\/\/www.eagle-waterproofing.com\/en\/#organization\"},\"potentialAction\":[{\"@type\":\"SearchAction\",\"target\":{\"@type\":\"EntryPoint\",\"urlTemplate\":\"https:\/\/www.eagle-waterproofing.com\/en\/?s={search_term_string}\"},\"query-input\":{\"@type\":\"PropertyValueSpecification\",\"valueRequired\":true,\"valueName\":\"search_term_string\"}}],\"inLanguage\":\"en-US\"},{\"@type\":\"Organization\",\"@id\":\"https:\/\/www.eagle-waterproofing.com\/en\/#organization\",\"name\":\"Eagle Waterproofing\",\"url\":\"https:\/\/www.eagle-waterproofing.com\/en\/\",\"logo\":{\"@type\":\"ImageObject\",\"inLanguage\":\"en-US\",\"@id\":\"https:\/\/www.eagle-waterproofing.com\/en\/#\/schema\/logo\/image\/\",\"url\":\"https:\/\/www.eagle-waterproofing.com\/wp-content\/uploads\/2020\/04\/eagle-group.svg\",\"contentUrl\":\"https:\/\/www.eagle-waterproofing.com\/wp-content\/uploads\/2020\/04\/eagle-group.svg\",\"width\":666,\"height\":249,\"caption\":\"Eagle Waterproofing\"},\"image\":{\"@id\":\"https:\/\/www.eagle-waterproofing.com\/en\/#\/schema\/logo\/image\/\"},\"sameAs\":[\"https:\/\/www.facebook.com\/EagleWaterproofingInternational\",\"https:\/\/x.com\/EagleIberica\",\"https:\/\/www.youtube.com\/channel\/UCqqZEd9s88-wxoLLQqa7pOA\",\"https:\/\/www.instagram.com\/eaglewaterproofing\/\",\"https:\/\/www.linkedin.com\/company\/eagle-waterproofing-iberica\"]}]}<\/script>\n<!-- \/ Yoast SEO plugin. -->","yoast_head_json":{"title":"Aquapol-info - Eagle Waterproofing","robots":{"index":"index","follow":"follow","max-snippet":"max-snippet:-1","max-image-preview":"max-image-preview:large","max-video-preview":"max-video-preview:-1"},"canonical":"https:\/\/www.eagle-waterproofing.com\/en\/aquapol-info\/","og_locale":"en_US","og_type":"article","og_title":"Aquapol-info - Eagle Waterproofing","og_description":"AQUAPOL Elije tu Idioma | Choose Language | Choisissez la Langue DescargasEspecificaciones, Cat\u00e1logos y Evaluaciones T\u00e9cnicas Espa\u00f1ol DownloadsSpecifications, Catalogs and Technical Evaluations\u200b English T\u00e9l\u00e9chargement Sp\u00e9cifications, catalogues et \u00e9valuations techniques\u200b Fran\u00e7ais","og_url":"https:\/\/www.eagle-waterproofing.com\/en\/aquapol-info\/","og_site_name":"Eagle Waterproofing","article_publisher":"https:\/\/www.facebook.com\/EagleWaterproofingInternational","article_modified_time":"2025-11-18T09:08:19+00:00","og_image":[{"width":400,"height":440,"url":"https:\/\/www.eagle-waterproofing.com\/wp-content\/uploads\/2024\/02\/aquapol_es-info.jpg","type":"image\/jpeg"}],"twitter_card":"summary_large_image","twitter_site":"@EagleIberica","twitter_misc":{"Est. reading time":"1 minute"},"schema":{"@context":"https:\/\/schema.org","@graph":[{"@type":"WebPage","@id":"https:\/\/www.eagle-waterproofing.com\/en\/aquapol-info\/","url":"https:\/\/www.eagle-waterproofing.com\/en\/aquapol-info\/","name":"Aquapol-info - Eagle Waterproofing","isPartOf":{"@id":"https:\/\/www.eagle-waterproofing.com\/en\/#website"},"primaryImageOfPage":{"@id":"https:\/\/www.eagle-waterproofing.com\/en\/aquapol-info\/#primaryimage"},"image":{"@id":"https:\/\/www.eagle-waterproofing.com\/en\/aquapol-info\/#primaryimage"},"thumbnailUrl":"https:\/\/www.eagle-waterproofing.com\/wp-content\/uploads\/2024\/02\/aquapol_es-info.jpg","datePublished":"2024-02-01T09:52:57+00:00","dateModified":"2025-11-18T09:08:19+00:00","breadcrumb":{"@id":"https:\/\/www.eagle-waterproofing.com\/en\/aquapol-info\/#breadcrumb"},"inLanguage":"en-US","potentialAction":[{"@type":"ReadAction","target":["https:\/\/www.eagle-waterproofing.com\/en\/aquapol-info\/"]}]},{"@type":"ImageObject","inLanguage":"en-US","@id":"https:\/\/www.eagle-waterproofing.com\/en\/aquapol-info\/#primaryimage","url":"https:\/\/www.eagle-waterproofing.com\/wp-content\/uploads\/2024\/02\/aquapol_es-info.jpg","contentUrl":"https:\/\/www.eagle-waterproofing.com\/wp-content\/uploads\/2024\/02\/aquapol_es-info.jpg"},{"@type":"BreadcrumbList","@id":"https:\/\/www.eagle-waterproofing.com\/en\/aquapol-info\/#breadcrumb","itemListElement":[{"@type":"ListItem","position":1,"name":"Eagle Waterproofing English","item":{"@id":"https:\/\/www.eagle-waterproofing.com\/en\/","name":"Eagle Waterproofing English"}},{"@type":"ListItem","position":2,"name":"Aquapol-info"}]},{"@type":"WebSite","@id":"https:\/\/www.eagle-waterproofing.com\/en\/#website","url":"https:\/\/www.eagle-waterproofing.com\/en\/","name":"Eagle Waterproofing","description":"Sistemas de impermeabilizaci\u00f3n avanzados","publisher":{"@id":"https:\/\/www.eagle-waterproofing.com\/en\/#organization"},"potentialAction":[{"@type":"SearchAction","target":{"@type":"EntryPoint","urlTemplate":"https:\/\/www.eagle-waterproofing.com\/en\/?s={search_term_string}"},"query-input":{"@type":"PropertyValueSpecification","valueRequired":true,"valueName":"search_term_string"}}],"inLanguage":"en-US"},{"@type":"Organization","@id":"https:\/\/www.eagle-waterproofing.com\/en\/#organization","name":"Eagle Waterproofing","url":"https:\/\/www.eagle-waterproofing.com\/en\/","logo":{"@type":"ImageObject","inLanguage":"en-US","@id":"https:\/\/www.eagle-waterproofing.com\/en\/#\/schema\/logo\/image\/","url":"https:\/\/www.eagle-waterproofing.com\/wp-content\/uploads\/2020\/04\/eagle-group.svg","contentUrl":"https:\/\/www.eagle-waterproofing.com\/wp-content\/uploads\/2020\/04\/eagle-group.svg","width":666,"height":249,"caption":"Eagle Waterproofing"},"image":{"@id":"https:\/\/www.eagle-waterproofing.com\/en\/#\/schema\/logo\/image\/"},"sameAs":["https:\/\/www.facebook.com\/EagleWaterproofingInternational","https:\/\/x.com\/EagleIberica","https:\/\/www.youtube.com\/channel\/UCqqZEd9s88-wxoLLQqa7pOA","https:\/\/www.instagram.com\/eaglewaterproofing\/","https:\/\/www.linkedin.com\/company\/eagle-waterproofing-iberica"]}]}},"_links":{"self":[{"href":"https:\/\/www.eagle-waterproofing.com\/en\/wp-json\/wp\/v2\/pages\/4283","targetHints":{"allow":["GET"]}}],"collection":[{"href":"https:\/\/www.eagle-waterproofing.com\/en\/wp-json\/wp\/v2\/pages"}],"about":[{"href":"https:\/\/www.eagle-waterproofing.com\/en\/wp-json\/wp\/v2\/types\/page"}],"author":[{"embeddable":true,"href":"https:\/\/www.eagle-waterproofing.com\/en\/wp-json\/wp\/v2\/users\/2"}],"replies":[{"embeddable":true,"href":"https:\/\/www.eagle-waterproofing.com\/en\/wp-json\/wp\/v2\/comments?post=4283"}],"version-history":[{"count":8,"href":"https:\/\/www.eagle-waterproofing.com\/en\/wp-json\/wp\/v2\/pages\/4283\/revisions"}],"predecessor-version":[{"id":9019,"href":"https:\/\/www.eagle-waterproofing.com\/en\/wp-json\/wp\/v2\/pages\/4283\/revisions\/9019"}],"wp:attachment":[{"href":"https:\/\/www.eagle-waterproofing.com\/en\/wp-json\/wp\/v2\/media?parent=4283"}],"curies":[{"name":"wp","href":"https:\/\/api.w.org\/{rel}","templated":true}]}}