{"id":3533,"date":"2023-02-27T18:06:46","date_gmt":"2023-02-27T17:06:46","guid":{"rendered":"https:\/\/www.eagle-waterproofing.com\/ultraflex-info\/"},"modified":"2026-03-13T18:18:45","modified_gmt":"2026-03-13T17:18:45","slug":"ultraflex-info","status":"publish","type":"page","link":"https:\/\/www.eagle-waterproofing.com\/en\/ultraflex-info\/","title":{"rendered":"ultraflex-info"},"content":{"rendered":"\t\t<div data-elementor-type=\"wp-page\" data-elementor-id=\"3533\" class=\"elementor elementor-3533 elementor-3030\" data-elementor-post-type=\"page\">\n\t\t\t\t\t\t<section class=\"elementor-section elementor-top-section elementor-element elementor-element-412abbc elementor-section-height-min-height elementor-section-boxed elementor-section-height-default elementor-section-items-middle\" data-id=\"412abbc\" data-element_type=\"section\" data-settings=\"{&quot;background_background&quot;:&quot;classic&quot;}\">\n\t\t\t\t\t\t\t<div class=\"elementor-background-overlay\"><\/div>\n\t\t\t\t\t\t\t<div class=\"elementor-container elementor-column-gap-default\">\n\t\t\t\t\t<div class=\"elementor-column elementor-col-100 elementor-top-column elementor-element elementor-element-cbaf799\" data-id=\"cbaf799\" data-element_type=\"column\">\n\t\t\t<div class=\"elementor-widget-wrap elementor-element-populated\">\n\t\t\t\t\t\t<div class=\"elementor-element elementor-element-b431df1 elementor-widget elementor-widget-heading\" data-id=\"b431df1\" data-element_type=\"widget\" data-widget_type=\"heading.default\">\n\t\t\t\t<div class=\"elementor-widget-container\">\n\t\t\t\t\t<h1 class=\"elementor-heading-title elementor-size-default\">ULTRAFLEX<\/h1>\t\t\t\t<\/div>\n\t\t\t\t<\/div>\n\t\t\t\t\t<\/div>\n\t\t<\/div>\n\t\t\t\t\t<\/div>\n\t\t<\/section>\n\t\t\t\t<section class=\"elementor-section elementor-top-section elementor-element elementor-element-2b0d70b elementor-section-boxed elementor-section-height-default elementor-section-height-default\" data-id=\"2b0d70b\" data-element_type=\"section\">\n\t\t\t\t\t\t<div class=\"elementor-container elementor-column-gap-default\">\n\t\t\t\t\t<div class=\"elementor-column elementor-col-100 elementor-top-column elementor-element elementor-element-e0f9f4a\" data-id=\"e0f9f4a\" data-element_type=\"column\">\n\t\t\t<div class=\"elementor-widget-wrap elementor-element-populated\">\n\t\t\t\t\t\t<div class=\"elementor-element elementor-element-ae1582f elementor-widget elementor-widget-heading\" data-id=\"ae1582f\" data-element_type=\"widget\" data-widget_type=\"heading.default\">\n\t\t\t\t<div class=\"elementor-widget-container\">\n\t\t\t\t\t<h2 class=\"elementor-heading-title elementor-size-default\">Elije tu Idioma | Choose Language | Choisissez la Langue<\/h2>\t\t\t\t<\/div>\n\t\t\t\t<\/div>\n\t\t\t\t\t<\/div>\n\t\t<\/div>\n\t\t\t\t\t<\/div>\n\t\t<\/section>\n\t\t\t\t<section class=\"elementor-section elementor-top-section elementor-element elementor-element-c267053 elementor-section-boxed elementor-section-height-default elementor-section-height-default\" data-id=\"c267053\" data-element_type=\"section\">\n\t\t\t\t\t\t<div class=\"elementor-container elementor-column-gap-default\">\n\t\t\t\t\t<div class=\"elementor-column elementor-col-33 elementor-top-column elementor-element elementor-element-f857ad9\" data-id=\"f857ad9\" data-element_type=\"column\">\n\t\t\t<div class=\"elementor-widget-wrap elementor-element-populated\">\n\t\t\t\t\t\t<div class=\"elementor-element elementor-element-3467d1c elementor-widget elementor-widget-image\" data-id=\"3467d1c\" data-element_type=\"widget\" data-widget_type=\"image.default\">\n\t\t\t\t<div class=\"elementor-widget-container\">\n\t\t\t\t\t\t\t\t\t\t\t\t\t\t\t<img fetchpriority=\"high\" decoding=\"async\" width=\"400\" height=\"440\" src=\"https:\/\/www.eagle-waterproofing.com\/wp-content\/uploads\/2026\/03\/ultraflex_info_es-2026.webp\" class=\"attachment-large size-large wp-image-9522\" alt=\"\" srcset=\"https:\/\/www.eagle-waterproofing.com\/wp-content\/uploads\/2026\/03\/ultraflex_info_es-2026.webp 400w, https:\/\/www.eagle-waterproofing.com\/wp-content\/uploads\/2026\/03\/ultraflex_info_es-2026-273x300.webp 273w\" sizes=\"(max-width: 400px) 100vw, 400px\" \/>\t\t\t\t\t\t\t\t\t\t\t\t\t\t\t<\/div>\n\t\t\t\t<\/div>\n\t\t\t\t<div class=\"elementor-element elementor-element-d6fb591 elementor-widget elementor-widget-heading\" data-id=\"d6fb591\" data-element_type=\"widget\" data-widget_type=\"heading.default\">\n\t\t\t\t<div class=\"elementor-widget-container\">\n\t\t\t\t\t<h2 class=\"elementor-heading-title elementor-size-default\">Descargas<br>Especificaciones, Cat\u00e1logos y Evaluaciones T\u00e9cnicas<\/h2>\t\t\t\t<\/div>\n\t\t\t\t<\/div>\n\t\t\t\t<div class=\"elementor-element elementor-element-2c5f518 elementor-align-center elementor-widget elementor-widget-button\" data-id=\"2c5f518\" data-element_type=\"widget\" data-widget_type=\"button.default\">\n\t\t\t\t<div class=\"elementor-widget-container\">\n\t\t\t\t\t\t\t\t\t<div class=\"elementor-button-wrapper\">\n\t\t\t\t\t<a class=\"elementor-button elementor-button-link elementor-size-sm\" href=\"https:\/\/www.eagle-waterproofing.com\/ultraflex-especificaciones\/\">\n\t\t\t\t\t\t<span class=\"elementor-button-content-wrapper\">\n\t\t\t\t\t\t\t\t\t<span class=\"elementor-button-text\">Espa\u00f1ol<\/span>\n\t\t\t\t\t<\/span>\n\t\t\t\t\t<\/a>\n\t\t\t\t<\/div>\n\t\t\t\t\t\t\t\t<\/div>\n\t\t\t\t<\/div>\n\t\t\t\t\t<\/div>\n\t\t<\/div>\n\t\t\t\t<div class=\"elementor-column elementor-col-33 elementor-top-column elementor-element elementor-element-af141f4\" data-id=\"af141f4\" data-element_type=\"column\">\n\t\t\t<div class=\"elementor-widget-wrap elementor-element-populated\">\n\t\t\t\t\t\t<div class=\"elementor-element elementor-element-ab8ac9b elementor-widget elementor-widget-image\" data-id=\"ab8ac9b\" data-element_type=\"widget\" data-widget_type=\"image.default\">\n\t\t\t\t<div class=\"elementor-widget-container\">\n\t\t\t\t\t\t\t\t\t\t\t\t\t\t\t<img decoding=\"async\" width=\"400\" height=\"440\" src=\"https:\/\/www.eagle-waterproofing.com\/wp-content\/uploads\/2026\/03\/ultraflex_info_en-2026.webp\" class=\"attachment-large size-large wp-image-9519\" alt=\"\" srcset=\"https:\/\/www.eagle-waterproofing.com\/wp-content\/uploads\/2026\/03\/ultraflex_info_en-2026.webp 400w, https:\/\/www.eagle-waterproofing.com\/wp-content\/uploads\/2026\/03\/ultraflex_info_en-2026-273x300.webp 273w\" sizes=\"(max-width: 400px) 100vw, 400px\" \/>\t\t\t\t\t\t\t\t\t\t\t\t\t\t\t<\/div>\n\t\t\t\t<\/div>\n\t\t\t\t<div class=\"elementor-element elementor-element-7b6e205 elementor-widget elementor-widget-heading\" data-id=\"7b6e205\" data-element_type=\"widget\" data-widget_type=\"heading.default\">\n\t\t\t\t<div class=\"elementor-widget-container\">\n\t\t\t\t\t<h2 class=\"elementor-heading-title elementor-size-default\">Downloads<br>Specifications, Catalogs and Technical Evaluations\u200b<\/h2>\t\t\t\t<\/div>\n\t\t\t\t<\/div>\n\t\t\t\t<div class=\"elementor-element elementor-element-2e29ebd elementor-align-center elementor-widget elementor-widget-button\" data-id=\"2e29ebd\" data-element_type=\"widget\" data-widget_type=\"button.default\">\n\t\t\t\t<div class=\"elementor-widget-container\">\n\t\t\t\t\t\t\t\t\t<div class=\"elementor-button-wrapper\">\n\t\t\t\t\t<a class=\"elementor-button elementor-button-link elementor-size-sm\" href=\"https:\/\/www.eagle-waterproofing.com\/en\/ultraflex-especificaciones\/\">\n\t\t\t\t\t\t<span class=\"elementor-button-content-wrapper\">\n\t\t\t\t\t\t\t\t\t<span class=\"elementor-button-text\">English<\/span>\n\t\t\t\t\t<\/span>\n\t\t\t\t\t<\/a>\n\t\t\t\t<\/div>\n\t\t\t\t\t\t\t\t<\/div>\n\t\t\t\t<\/div>\n\t\t\t\t\t<\/div>\n\t\t<\/div>\n\t\t\t\t<div class=\"elementor-column elementor-col-33 elementor-top-column elementor-element elementor-element-1a080d6\" data-id=\"1a080d6\" data-element_type=\"column\">\n\t\t\t<div class=\"elementor-widget-wrap elementor-element-populated\">\n\t\t\t\t\t\t<div class=\"elementor-element elementor-element-ae0b213 elementor-widget elementor-widget-image\" data-id=\"ae0b213\" data-element_type=\"widget\" data-widget_type=\"image.default\">\n\t\t\t\t<div class=\"elementor-widget-container\">\n\t\t\t\t\t\t\t\t\t\t\t\t\t\t\t<img decoding=\"async\" width=\"400\" height=\"440\" src=\"https:\/\/www.eagle-waterproofing.com\/wp-content\/uploads\/2026\/03\/ultraflex_info_fr-2026.webp\" class=\"attachment-large size-large wp-image-9525\" alt=\"\" srcset=\"https:\/\/www.eagle-waterproofing.com\/wp-content\/uploads\/2026\/03\/ultraflex_info_fr-2026.webp 400w, https:\/\/www.eagle-waterproofing.com\/wp-content\/uploads\/2026\/03\/ultraflex_info_fr-2026-273x300.webp 273w\" sizes=\"(max-width: 400px) 100vw, 400px\" \/>\t\t\t\t\t\t\t\t\t\t\t\t\t\t\t<\/div>\n\t\t\t\t<\/div>\n\t\t\t\t<div class=\"elementor-element elementor-element-e30c55f elementor-widget elementor-widget-heading\" data-id=\"e30c55f\" data-element_type=\"widget\" data-widget_type=\"heading.default\">\n\t\t\t\t<div class=\"elementor-widget-container\">\n\t\t\t\t\t<h2 class=\"elementor-heading-title elementor-size-default\">T\u00e9l\u00e9chargement<br> Sp\u00e9cifications, catalogues et \u00e9valuations techniques\u200b<\/h2>\t\t\t\t<\/div>\n\t\t\t\t<\/div>\n\t\t\t\t<div class=\"elementor-element elementor-element-c3b1ce5 elementor-align-center elementor-widget elementor-widget-button\" data-id=\"c3b1ce5\" data-element_type=\"widget\" data-widget_type=\"button.default\">\n\t\t\t\t<div class=\"elementor-widget-container\">\n\t\t\t\t\t\t\t\t\t<div class=\"elementor-button-wrapper\">\n\t\t\t\t\t<a class=\"elementor-button elementor-button-link elementor-size-sm\" href=\"https:\/\/www.eagle-waterproofing.com\/fr\/ultraflex-especificaciones\/\">\n\t\t\t\t\t\t<span class=\"elementor-button-content-wrapper\">\n\t\t\t\t\t\t\t\t\t<span class=\"elementor-button-text\">Fran\u00e7ais<\/span>\n\t\t\t\t\t<\/span>\n\t\t\t\t\t<\/a>\n\t\t\t\t<\/div>\n\t\t\t\t\t\t\t\t<\/div>\n\t\t\t\t<\/div>\n\t\t\t\t\t<\/div>\n\t\t<\/div>\n\t\t\t\t\t<\/div>\n\t\t<\/section>\n\t\t\t\t<\/div>\n\t\t","protected":false},"excerpt":{"rendered":"<p>ULTRAFLEX Elije tu Idioma | Choose Language | Choisissez la Langue DescargasEspecificaciones, Cat\u00e1logos y Evaluaciones T\u00e9cnicas Espa\u00f1ol DownloadsSpecifications, Catalogs and Technical Evaluations\u200b English T\u00e9l\u00e9chargement Sp\u00e9cifications, catalogues et \u00e9valuations techniques\u200b Fran\u00e7ais<\/p>\n","protected":false},"author":2,"featured_media":0,"parent":0,"menu_order":0,"comment_status":"closed","ping_status":"closed","template":"","meta":{"_acf_changed":false,"footnotes":""},"class_list":["post-3533","page","type-page","status-publish"],"acf":[],"yoast_head":"<!-- This site is optimized with the Yoast SEO plugin v26.8 - https:\/\/yoast.com\/product\/yoast-seo-wordpress\/ -->\n<title>ultraflex-info - Eagle Waterproofing<\/title>\n<meta name=\"robots\" content=\"index, follow, max-snippet:-1, max-image-preview:large, max-video-preview:-1\" \/>\n<link rel=\"canonical\" href=\"https:\/\/www.eagle-waterproofing.com\/en\/ultraflex-info\/\" \/>\n<meta property=\"og:locale\" content=\"en_US\" \/>\n<meta property=\"og:type\" content=\"article\" \/>\n<meta property=\"og:title\" content=\"ultraflex-info - Eagle Waterproofing\" \/>\n<meta property=\"og:description\" content=\"ULTRAFLEX Elije tu Idioma | Choose Language | Choisissez la Langue DescargasEspecificaciones, Cat\u00e1logos y Evaluaciones T\u00e9cnicas Espa\u00f1ol DownloadsSpecifications, Catalogs and Technical Evaluations\u200b English T\u00e9l\u00e9chargement Sp\u00e9cifications, catalogues et \u00e9valuations techniques\u200b Fran\u00e7ais\" \/>\n<meta property=\"og:url\" content=\"https:\/\/www.eagle-waterproofing.com\/en\/ultraflex-info\/\" \/>\n<meta property=\"og:site_name\" content=\"Eagle Waterproofing\" \/>\n<meta property=\"article:publisher\" content=\"https:\/\/www.facebook.com\/EagleWaterproofingInternational\" \/>\n<meta property=\"article:modified_time\" content=\"2026-03-13T17:18:45+00:00\" \/>\n<meta property=\"og:image\" content=\"https:\/\/www.eagle-waterproofing.com\/wp-content\/uploads\/2026\/03\/ultraflex_info_es-2026.webp\" \/>\n<meta name=\"twitter:card\" content=\"summary_large_image\" \/>\n<meta name=\"twitter:site\" content=\"@EagleIberica\" \/>\n<meta name=\"twitter:label1\" content=\"Est. reading time\" \/>\n\t<meta name=\"twitter:data1\" content=\"1 minute\" \/>\n<script type=\"application\/ld+json\" class=\"yoast-schema-graph\">{\"@context\":\"https:\/\/schema.org\",\"@graph\":[{\"@type\":\"WebPage\",\"@id\":\"https:\/\/www.eagle-waterproofing.com\/en\/ultraflex-info\/\",\"url\":\"https:\/\/www.eagle-waterproofing.com\/en\/ultraflex-info\/\",\"name\":\"ultraflex-info - Eagle Waterproofing\",\"isPartOf\":{\"@id\":\"https:\/\/www.eagle-waterproofing.com\/en\/#website\"},\"primaryImageOfPage\":{\"@id\":\"https:\/\/www.eagle-waterproofing.com\/en\/ultraflex-info\/#primaryimage\"},\"image\":{\"@id\":\"https:\/\/www.eagle-waterproofing.com\/en\/ultraflex-info\/#primaryimage\"},\"thumbnailUrl\":\"https:\/\/www.eagle-waterproofing.com\/wp-content\/uploads\/2026\/03\/ultraflex_info_es-2026.webp\",\"datePublished\":\"2023-02-27T17:06:46+00:00\",\"dateModified\":\"2026-03-13T17:18:45+00:00\",\"breadcrumb\":{\"@id\":\"https:\/\/www.eagle-waterproofing.com\/en\/ultraflex-info\/#breadcrumb\"},\"inLanguage\":\"en-US\",\"potentialAction\":[{\"@type\":\"ReadAction\",\"target\":[\"https:\/\/www.eagle-waterproofing.com\/en\/ultraflex-info\/\"]}]},{\"@type\":\"ImageObject\",\"inLanguage\":\"en-US\",\"@id\":\"https:\/\/www.eagle-waterproofing.com\/en\/ultraflex-info\/#primaryimage\",\"url\":\"https:\/\/www.eagle-waterproofing.com\/wp-content\/uploads\/2026\/03\/ultraflex_info_es-2026.webp\",\"contentUrl\":\"https:\/\/www.eagle-waterproofing.com\/wp-content\/uploads\/2026\/03\/ultraflex_info_es-2026.webp\"},{\"@type\":\"BreadcrumbList\",\"@id\":\"https:\/\/www.eagle-waterproofing.com\/en\/ultraflex-info\/#breadcrumb\",\"itemListElement\":[{\"@type\":\"ListItem\",\"position\":1,\"name\":\"Eagle Waterproofing English\",\"item\":{\"@id\":\"https:\/\/www.eagle-waterproofing.com\/en\/\",\"name\":\"Eagle Waterproofing English\"}},{\"@type\":\"ListItem\",\"position\":2,\"name\":\"ultraflex-info\"}]},{\"@type\":\"WebSite\",\"@id\":\"https:\/\/www.eagle-waterproofing.com\/en\/#website\",\"url\":\"https:\/\/www.eagle-waterproofing.com\/en\/\",\"name\":\"Eagle Waterproofing\",\"description\":\"Sistemas de impermeabilizaci\u00f3n avanzados\",\"publisher\":{\"@id\":\"https:\/\/www.eagle-waterproofing.com\/en\/#organization\"},\"potentialAction\":[{\"@type\":\"SearchAction\",\"target\":{\"@type\":\"EntryPoint\",\"urlTemplate\":\"https:\/\/www.eagle-waterproofing.com\/en\/?s={search_term_string}\"},\"query-input\":{\"@type\":\"PropertyValueSpecification\",\"valueRequired\":true,\"valueName\":\"search_term_string\"}}],\"inLanguage\":\"en-US\"},{\"@type\":\"Organization\",\"@id\":\"https:\/\/www.eagle-waterproofing.com\/en\/#organization\",\"name\":\"Eagle Waterproofing\",\"url\":\"https:\/\/www.eagle-waterproofing.com\/en\/\",\"logo\":{\"@type\":\"ImageObject\",\"inLanguage\":\"en-US\",\"@id\":\"https:\/\/www.eagle-waterproofing.com\/en\/#\/schema\/logo\/image\/\",\"url\":\"https:\/\/www.eagle-waterproofing.com\/wp-content\/uploads\/2020\/04\/eagle-group.svg\",\"contentUrl\":\"https:\/\/www.eagle-waterproofing.com\/wp-content\/uploads\/2020\/04\/eagle-group.svg\",\"width\":666,\"height\":249,\"caption\":\"Eagle Waterproofing\"},\"image\":{\"@id\":\"https:\/\/www.eagle-waterproofing.com\/en\/#\/schema\/logo\/image\/\"},\"sameAs\":[\"https:\/\/www.facebook.com\/EagleWaterproofingInternational\",\"https:\/\/x.com\/EagleIberica\",\"https:\/\/www.youtube.com\/channel\/UCqqZEd9s88-wxoLLQqa7pOA\",\"https:\/\/www.instagram.com\/eaglewaterproofing\/\",\"https:\/\/www.linkedin.com\/company\/eagle-waterproofing-iberica\"]}]}<\/script>\n<!-- \/ Yoast SEO plugin. -->","yoast_head_json":{"title":"ultraflex-info - Eagle Waterproofing","robots":{"index":"index","follow":"follow","max-snippet":"max-snippet:-1","max-image-preview":"max-image-preview:large","max-video-preview":"max-video-preview:-1"},"canonical":"https:\/\/www.eagle-waterproofing.com\/en\/ultraflex-info\/","og_locale":"en_US","og_type":"article","og_title":"ultraflex-info - Eagle Waterproofing","og_description":"ULTRAFLEX Elije tu Idioma | Choose Language | Choisissez la Langue DescargasEspecificaciones, Cat\u00e1logos y Evaluaciones T\u00e9cnicas Espa\u00f1ol DownloadsSpecifications, Catalogs and Technical Evaluations\u200b English T\u00e9l\u00e9chargement Sp\u00e9cifications, catalogues et \u00e9valuations techniques\u200b Fran\u00e7ais","og_url":"https:\/\/www.eagle-waterproofing.com\/en\/ultraflex-info\/","og_site_name":"Eagle Waterproofing","article_publisher":"https:\/\/www.facebook.com\/EagleWaterproofingInternational","article_modified_time":"2026-03-13T17:18:45+00:00","og_image":[{"url":"https:\/\/www.eagle-waterproofing.com\/wp-content\/uploads\/2026\/03\/ultraflex_info_es-2026.webp","type":"","width":"","height":""}],"twitter_card":"summary_large_image","twitter_site":"@EagleIberica","twitter_misc":{"Est. reading time":"1 minute"},"schema":{"@context":"https:\/\/schema.org","@graph":[{"@type":"WebPage","@id":"https:\/\/www.eagle-waterproofing.com\/en\/ultraflex-info\/","url":"https:\/\/www.eagle-waterproofing.com\/en\/ultraflex-info\/","name":"ultraflex-info - Eagle Waterproofing","isPartOf":{"@id":"https:\/\/www.eagle-waterproofing.com\/en\/#website"},"primaryImageOfPage":{"@id":"https:\/\/www.eagle-waterproofing.com\/en\/ultraflex-info\/#primaryimage"},"image":{"@id":"https:\/\/www.eagle-waterproofing.com\/en\/ultraflex-info\/#primaryimage"},"thumbnailUrl":"https:\/\/www.eagle-waterproofing.com\/wp-content\/uploads\/2026\/03\/ultraflex_info_es-2026.webp","datePublished":"2023-02-27T17:06:46+00:00","dateModified":"2026-03-13T17:18:45+00:00","breadcrumb":{"@id":"https:\/\/www.eagle-waterproofing.com\/en\/ultraflex-info\/#breadcrumb"},"inLanguage":"en-US","potentialAction":[{"@type":"ReadAction","target":["https:\/\/www.eagle-waterproofing.com\/en\/ultraflex-info\/"]}]},{"@type":"ImageObject","inLanguage":"en-US","@id":"https:\/\/www.eagle-waterproofing.com\/en\/ultraflex-info\/#primaryimage","url":"https:\/\/www.eagle-waterproofing.com\/wp-content\/uploads\/2026\/03\/ultraflex_info_es-2026.webp","contentUrl":"https:\/\/www.eagle-waterproofing.com\/wp-content\/uploads\/2026\/03\/ultraflex_info_es-2026.webp"},{"@type":"BreadcrumbList","@id":"https:\/\/www.eagle-waterproofing.com\/en\/ultraflex-info\/#breadcrumb","itemListElement":[{"@type":"ListItem","position":1,"name":"Eagle Waterproofing English","item":{"@id":"https:\/\/www.eagle-waterproofing.com\/en\/","name":"Eagle Waterproofing English"}},{"@type":"ListItem","position":2,"name":"ultraflex-info"}]},{"@type":"WebSite","@id":"https:\/\/www.eagle-waterproofing.com\/en\/#website","url":"https:\/\/www.eagle-waterproofing.com\/en\/","name":"Eagle Waterproofing","description":"Sistemas de impermeabilizaci\u00f3n avanzados","publisher":{"@id":"https:\/\/www.eagle-waterproofing.com\/en\/#organization"},"potentialAction":[{"@type":"SearchAction","target":{"@type":"EntryPoint","urlTemplate":"https:\/\/www.eagle-waterproofing.com\/en\/?s={search_term_string}"},"query-input":{"@type":"PropertyValueSpecification","valueRequired":true,"valueName":"search_term_string"}}],"inLanguage":"en-US"},{"@type":"Organization","@id":"https:\/\/www.eagle-waterproofing.com\/en\/#organization","name":"Eagle Waterproofing","url":"https:\/\/www.eagle-waterproofing.com\/en\/","logo":{"@type":"ImageObject","inLanguage":"en-US","@id":"https:\/\/www.eagle-waterproofing.com\/en\/#\/schema\/logo\/image\/","url":"https:\/\/www.eagle-waterproofing.com\/wp-content\/uploads\/2020\/04\/eagle-group.svg","contentUrl":"https:\/\/www.eagle-waterproofing.com\/wp-content\/uploads\/2020\/04\/eagle-group.svg","width":666,"height":249,"caption":"Eagle Waterproofing"},"image":{"@id":"https:\/\/www.eagle-waterproofing.com\/en\/#\/schema\/logo\/image\/"},"sameAs":["https:\/\/www.facebook.com\/EagleWaterproofingInternational","https:\/\/x.com\/EagleIberica","https:\/\/www.youtube.com\/channel\/UCqqZEd9s88-wxoLLQqa7pOA","https:\/\/www.instagram.com\/eaglewaterproofing\/","https:\/\/www.linkedin.com\/company\/eagle-waterproofing-iberica"]}]}},"_links":{"self":[{"href":"https:\/\/www.eagle-waterproofing.com\/en\/wp-json\/wp\/v2\/pages\/3533","targetHints":{"allow":["GET"]}}],"collection":[{"href":"https:\/\/www.eagle-waterproofing.com\/en\/wp-json\/wp\/v2\/pages"}],"about":[{"href":"https:\/\/www.eagle-waterproofing.com\/en\/wp-json\/wp\/v2\/types\/page"}],"author":[{"embeddable":true,"href":"https:\/\/www.eagle-waterproofing.com\/en\/wp-json\/wp\/v2\/users\/2"}],"replies":[{"embeddable":true,"href":"https:\/\/www.eagle-waterproofing.com\/en\/wp-json\/wp\/v2\/comments?post=3533"}],"version-history":[{"count":25,"href":"https:\/\/www.eagle-waterproofing.com\/en\/wp-json\/wp\/v2\/pages\/3533\/revisions"}],"predecessor-version":[{"id":9541,"href":"https:\/\/www.eagle-waterproofing.com\/en\/wp-json\/wp\/v2\/pages\/3533\/revisions\/9541"}],"wp:attachment":[{"href":"https:\/\/www.eagle-waterproofing.com\/en\/wp-json\/wp\/v2\/media?parent=3533"}],"curies":[{"name":"wp","href":"https:\/\/api.w.org\/{rel}","templated":true}]}}